{"id":20,"date":"2021-01-05T10:15:50","date_gmt":"2021-01-05T10:15:50","guid":{"rendered":"http:\/\/www.wkmathias.de\/food-blog\/?page_id=20"},"modified":"2021-04-04T15:16:40","modified_gmt":"2021-04-04T15:16:40","slug":"impressum","status":"publish","type":"page","link":"http:\/\/www.wkmathias.de\/food-blog\/impressum\/","title":{"rendered":"Impressum"},"content":{"rendered":"\n<p><strong>Impressum<\/strong><\/p>\n\n\n\n<p>Wolfgang K. Mathias<br>M\u00f6rikestr. 30<br>D \u2013 67071 Ludwigshafen<\/p>\n\n\n\n<p><strong>Tel.:<\/strong> 00 49 \/ (0) 6 21 \/ 67 62 21<br><strong>Mobil:<\/strong> 00 49 \/ (0) 1 71 \/ 40 34 19 8<\/p>\n\n\n\n<p><strong>Email:<\/strong> info@wkmathias.de<br><strong>Internet:<\/strong> https:\/\/www.wkmathias.de<\/p>\n\n\n\n<p><strong>Webdesign:<\/strong> Wolfgang K. Mathias<br><strong>Gestaltung, Design, Inhalt:<\/strong> Wolfgang K. Mathias<\/p>\n\n\n\n<p>Diese Internetpr\u00e4senz ist privat!<\/p>\n\n\n\n<p><strong>Haftungssausschluss:<\/strong><\/p>\n\n\n\n<p>Trotz sorgf\u00e4ltiger Inhaltlicher Kontrolle \u00fcbernehme ich keinerlei Haftung f\u00fcr die Inhalte externer Links. F\u00fcr den Inhalt verlinkter Seiten sind ausschlie\u00dflich deren Betreiber verantwortlich.<\/p>\n\n\n\n<p>Weitere Infos siehe Datenschutzerkl\u00e4rung in diesem Untermen\u00fc oder auf Nachfrage per Email.<\/p>\n","protected":false},"excerpt":{"rendered":"<p>Impressum Wolfgang K. MathiasM\u00f6rikestr. 30D \u2013 67071 Ludwigshafen Tel.: 00 49 \/ (0) 6 21 \/ 67 62 21Mobil: 00 49 \/ (0) 1 71 \/ 40 34 19 8 Email: info@wkmathias.deInternet: https:\/\/www.wkmathias.de Webdesign: Wolfgang K. MathiasGestaltung, Design, Inhalt: Wolfgang K. Mathias Diese Internetpr\u00e4senz ist privat! Haftungssausschluss: Trotz sorgf\u00e4ltiger Inhaltlicher Kontrolle \u00fcbernehme ich keinerlei Haftung [&hellip;]<\/p>\n","protected":false},"author":1,"featured_media":0,"parent":0,"menu_order":0,"comment_status":"closed","ping_status":"closed","template":"","meta":[],"_links":{"self":[{"href":"http:\/\/www.wkmathias.de\/food-blog\/wp-json\/wp\/v2\/pages\/20"}],"collection":[{"href":"http:\/\/www.wkmathias.de\/food-blog\/wp-json\/wp\/v2\/pages"}],"about":[{"href":"http:\/\/www.wkmathias.de\/food-blog\/wp-json\/wp\/v2\/types\/page"}],"author":[{"embeddable":true,"href":"http:\/\/www.wkmathias.de\/food-blog\/wp-json\/wp\/v2\/users\/1"}],"replies":[{"embeddable":true,"href":"http:\/\/www.wkmathias.de\/food-blog\/wp-json\/wp\/v2\/comments?post=20"}],"version-history":[{"count":2,"href":"http:\/\/www.wkmathias.de\/food-blog\/wp-json\/wp\/v2\/pages\/20\/revisions"}],"predecessor-version":[{"id":2469,"href":"http:\/\/www.wkmathias.de\/food-blog\/wp-json\/wp\/v2\/pages\/20\/revisions\/2469"}],"wp:attachment":[{"href":"http:\/\/www.wkmathias.de\/food-blog\/wp-json\/wp\/v2\/media?parent=20"}],"curies":[{"name":"wp","href":"https:\/\/api.w.org\/{rel}","templated":true}]}}