{"id":299,"date":"2021-03-02T12:07:51","date_gmt":"2021-03-02T12:07:51","guid":{"rendered":"http:\/\/www.wkmathias.de\/food-blog\/?page_id=299"},"modified":"2021-03-12T07:34:48","modified_gmt":"2021-03-12T07:34:48","slug":"suche","status":"publish","type":"page","link":"https:\/\/www.wkmathias.de\/food-blog\/suche\/","title":{"rendered":"Suche"},"content":{"rendered":"\t\t<div data-elementor-type=\"wp-page\" data-elementor-id=\"299\" class=\"elementor elementor-299\" data-elementor-settings=\"[]\">\n\t\t\t\t\t\t<div class=\"elementor-inner\">\n\t\t\t\t\t\t\t<div class=\"elementor-section-wrap\">\n\t\t\t\t\t\t\t<section class=\"elementor-section elementor-top-section elementor-element elementor-element-278852c5 elementor-section-height-min-height elementor-section-boxed elementor-section-height-default elementor-section-items-middle\" data-id=\"278852c5\" data-element_type=\"section\" data-settings=\"{&quot;background_background&quot;:&quot;classic&quot;}\">\n\t\t\t\t\t\t\t<div class=\"elementor-background-overlay\"><\/div>\n\t\t\t\t\t\t\t<div class=\"elementor-container elementor-column-gap-default\">\n\t\t\t\t\t\t\t<div class=\"elementor-row\">\n\t\t\t\t\t<div class=\"elementor-column elementor-col-100 elementor-top-column elementor-element elementor-element-2cedf890\" data-id=\"2cedf890\" data-element_type=\"column\">\n\t\t\t<div class=\"elementor-column-wrap elementor-element-populated\">\n\t\t\t\t\t\t\t<div class=\"elementor-widget-wrap\">\n\t\t\t\t\t\t<section class=\"elementor-section elementor-inner-section elementor-element elementor-element-7683e13c elementor-section-boxed elementor-section-height-default elementor-section-height-default\" data-id=\"7683e13c\" data-element_type=\"section\">\n\t\t\t\t\t\t<div class=\"elementor-container elementor-column-gap-default\">\n\t\t\t\t\t\t\t<div class=\"elementor-row\">\n\t\t\t\t\t<div class=\"elementor-column elementor-col-33 elementor-inner-column elementor-element elementor-element-56f316d9\" data-id=\"56f316d9\" data-element_type=\"column\">\n\t\t\t<div class=\"elementor-column-wrap elementor-element-populated\">\n\t\t\t\t\t\t\t<div class=\"elementor-widget-wrap\">\n\t\t\t\t\t\t<div class=\"elementor-element elementor-element-10191632 elementor-widget-divider--view-line elementor-widget elementor-widget-divider\" data-id=\"10191632\" data-element_type=\"widget\" data-widget_type=\"divider.default\">\n\t\t\t\t<div class=\"elementor-widget-container\">\n\t\t\t\t\t<div class=\"elementor-divider\">\n\t\t\t<span class=\"elementor-divider-separator\">\n\t\t\t\t\t\t<\/span>\n\t\t<\/div>\n\t\t\t\t<\/div>\n\t\t\t\t<\/div>\n\t\t\t\t\t\t<\/div>\n\t\t\t\t\t<\/div>\n\t\t<\/div>\n\t\t\t\t<div class=\"elementor-column elementor-col-33 elementor-inner-column elementor-element elementor-element-6d65e2dd\" data-id=\"6d65e2dd\" data-element_type=\"column\">\n\t\t\t<div class=\"elementor-column-wrap elementor-element-populated\">\n\t\t\t\t\t\t\t<div class=\"elementor-widget-wrap\">\n\t\t\t\t\t\t<div class=\"elementor-element elementor-element-75259a92 elementor-widget elementor-widget-heading\" data-id=\"75259a92\" data-element_type=\"widget\" data-widget_type=\"heading.default\">\n\t\t\t\t<div class=\"elementor-widget-container\">\n\t\t\t<h6 class=\"elementor-heading-title elementor-size-default\">Suchen & Finden<\/h6>\t\t<\/div>\n\t\t\t\t<\/div>\n\t\t\t\t\t\t<\/div>\n\t\t\t\t\t<\/div>\n\t\t<\/div>\n\t\t\t\t<div class=\"elementor-column elementor-col-33 elementor-inner-column elementor-element elementor-element-242f207d\" data-id=\"242f207d\" data-element_type=\"column\">\n\t\t\t<div class=\"elementor-column-wrap elementor-element-populated\">\n\t\t\t\t\t\t\t<div class=\"elementor-widget-wrap\">\n\t\t\t\t\t\t<div class=\"elementor-element elementor-element-56353467 elementor-widget-divider--view-line elementor-widget elementor-widget-divider\" data-id=\"56353467\" data-element_type=\"widget\" data-widget_type=\"divider.default\">\n\t\t\t\t<div class=\"elementor-widget-container\">\n\t\t\t\t\t<div class=\"elementor-divider\">\n\t\t\t<span class=\"elementor-divider-separator\">\n\t\t\t\t\t\t<\/span>\n\t\t<\/div>\n\t\t\t\t<\/div>\n\t\t\t\t<\/div>\n\t\t\t\t\t\t<\/div>\n\t\t\t\t\t<\/div>\n\t\t<\/div>\n\t\t\t\t\t\t\t\t<\/div>\n\t\t\t\t\t<\/div>\n\t\t<\/section>\n\t\t\t\t<div class=\"elementor-element elementor-element-74d47ff6 elementor-widget elementor-widget-heading\" data-id=\"74d47ff6\" data-element_type=\"widget\" data-widget_type=\"heading.default\">\n\t\t\t\t<div class=\"elementor-widget-container\">\n\t\t\t<h1 class=\"elementor-heading-title elementor-size-default\">Suche<\/h1>\t\t<\/div>\n\t\t\t\t<\/div>\n\t\t\t\t<section class=\"elementor-section elementor-inner-section elementor-element elementor-element-5369cf3e elementor-section-boxed elementor-section-height-default elementor-section-height-default\" data-id=\"5369cf3e\" data-element_type=\"section\">\n\t\t\t\t\t\t<div class=\"elementor-container elementor-column-gap-default\">\n\t\t\t\t\t\t\t<div class=\"elementor-row\">\n\t\t\t\t\t<div class=\"elementor-column elementor-col-33 elementor-inner-column elementor-element elementor-element-3a244c40\" data-id=\"3a244c40\" data-element_type=\"column\" data-settings=\"{&quot;background_background&quot;:&quot;classic&quot;}\">\n\t\t\t<div class=\"elementor-column-wrap elementor-element-populated\">\n\t\t\t\t\t\t\t<div class=\"elementor-widget-wrap\">\n\t\t\t\t\t\t<div class=\"elementor-element elementor-element-43a4a03d elementor-widget elementor-widget-heading\" data-id=\"43a4a03d\" data-element_type=\"widget\" data-widget_type=\"heading.default\">\n\t\t\t\t<div class=\"elementor-widget-container\">\n\t\t\t<h3 class=\"elementor-heading-title elementor-size-default\">Gegrillte Peperoni Rezept<\/h3>\t\t<\/div>\n\t\t\t\t<\/div>\n\t\t\t\t<div class=\"elementor-element elementor-element-2d589274 elementor-widget elementor-widget-text-editor\" data-id=\"2d589274\" data-element_type=\"widget\" data-widget_type=\"text-editor.default\">\n\t\t\t\t<div class=\"elementor-widget-container\">\n\t\t\t\t\t<div class=\"elementor-text-editor elementor-clearfix\"><p>Seit vielen Jahren suche ich ein Original-Rezept f\u00fcr griechische Peperoni. Viele denken jetzt, das ist doch nichts Besonderes. Doch, ist es! Anbraten oder grillen, etwas Knoblauch, \u00d6l, Schuss Zitrone&#8230; reicht nicht, es ist mehr.<br \/>Ich habe viel getestet, nichts kommt an die Art und Weise wie im griech. Lokalen heran. Griechische Lokale haben vor etwa 8 Jahren die Zubereitung etwas ge\u00e4ndert. Fr\u00fcher gab es auch Varianten mit So\u00dfe, teilweise cremig. Die italienische Zubereitung von Peperoni sagt mir nicht zu. Vielleicht liest dies ja ein Mitarbeiter oder Besitzer eines griech. Lokals und kann mir weiterhelfen.<\/p><\/div>\n\t\t\t\t<\/div>\n\t\t\t\t<\/div>\n\t\t\t\t\t\t<\/div>\n\t\t\t\t\t<\/div>\n\t\t<\/div>\n\t\t\t\t<div class=\"elementor-column elementor-col-33 elementor-inner-column elementor-element elementor-element-169ad35\" data-id=\"169ad35\" data-element_type=\"column\" data-settings=\"{&quot;background_background&quot;:&quot;classic&quot;}\">\n\t\t\t<div class=\"elementor-column-wrap\">\n\t\t\t\t\t\t\t<div class=\"elementor-widget-wrap\">\n\t\t\t\t\t\t\t\t<\/div>\n\t\t\t\t\t<\/div>\n\t\t<\/div>\n\t\t\t\t<div class=\"elementor-column elementor-col-33 elementor-inner-column elementor-element elementor-element-d950919\" data-id=\"d950919\" data-element_type=\"column\" data-settings=\"{&quot;background_background&quot;:&quot;classic&quot;}\">\n\t\t\t<div class=\"elementor-column-wrap elementor-element-populated\">\n\t\t\t\t\t\t\t<div class=\"elementor-widget-wrap\">\n\t\t\t\t\t\t<div class=\"elementor-element elementor-element-1321646 elementor-widget elementor-widget-heading\" data-id=\"1321646\" data-element_type=\"widget\" data-widget_type=\"heading.default\">\n\t\t\t\t<div class=\"elementor-widget-container\">\n\t\t\t<h3 class=\"elementor-heading-title elementor-size-default\">Salatbuffet:   3-So\u00dfen-Rezept<\/h3>\t\t<\/div>\n\t\t\t\t<\/div>\n\t\t\t\t<div class=\"elementor-element elementor-element-d044b7f elementor-widget elementor-widget-text-editor\" data-id=\"d044b7f\" data-element_type=\"widget\" data-widget_type=\"text-editor.default\">\n\t\t\t\t<div class=\"elementor-widget-container\">\n\t\t\t\t\t<div class=\"elementor-text-editor elementor-clearfix\"><p>\u00dcber die Jahre habe ich mir 2 Rezepte f\u00fcr leckere Salat-Dressings angeeignet. An Salatbuffets gibt es meist 3 Varianten, damit f\u00fcr jeden Geschmack etwas Passendes dabei ist. Hiernach suche ich ebenso schon l\u00e4nger. Einiges habe ich bereits auch ausprobiert, leider hat nichts davon \u00fcberzeugt. Am Ende waren meine 2 Standard-Rezepte bisher immer besser. Daher suche ich Rezepte f\u00fcr diese 3 So\u00dfenvarianten in lecker.<\/p><\/div>\n\t\t\t\t<\/div>\n\t\t\t\t<\/div>\n\t\t\t\t\t\t<\/div>\n\t\t\t\t\t<\/div>\n\t\t<\/div>\n\t\t\t\t\t\t\t\t<\/div>\n\t\t\t\t\t<\/div>\n\t\t<\/section>\n\t\t\t\t<section class=\"elementor-section elementor-inner-section elementor-element elementor-element-6111bbf7 elementor-reverse-mobile elementor-section-boxed elementor-section-height-default elementor-section-height-default\" data-id=\"6111bbf7\" data-element_type=\"section\">\n\t\t\t\t\t\t<div class=\"elementor-container elementor-column-gap-default\">\n\t\t\t\t\t\t\t<div class=\"elementor-row\">\n\t\t\t\t\t<div class=\"elementor-column elementor-col-50 elementor-inner-column elementor-element elementor-element-1238c502\" data-id=\"1238c502\" data-element_type=\"column\" data-settings=\"{&quot;background_background&quot;:&quot;classic&quot;}\">\n\t\t\t<div class=\"elementor-column-wrap elementor-element-populated\">\n\t\t\t\t\t\t\t<div class=\"elementor-widget-wrap\">\n\t\t\t\t\t\t<div class=\"elementor-element elementor-element-59442d4a elementor-widget elementor-widget-heading\" data-id=\"59442d4a\" data-element_type=\"widget\" data-widget_type=\"heading.default\">\n\t\t\t\t<div class=\"elementor-widget-container\">\n\t\t\t<h3 class=\"elementor-heading-title elementor-size-default\">Knackpunkt Gem\u00fcsebr\u00fche<\/h3>\t\t<\/div>\n\t\t\t\t<\/div>\n\t\t\t\t<div class=\"elementor-element elementor-element-36d00367 elementor-widget elementor-widget-text-editor\" data-id=\"36d00367\" data-element_type=\"widget\" data-widget_type=\"text-editor.default\">\n\t\t\t\t<div class=\"elementor-widget-container\">\n\t\t\t\t\t<div class=\"elementor-text-editor elementor-clearfix\"><p>In vielen Gerichten wird Gem\u00fcsebr\u00fche verwendet. Manche sprechen hier auch von klarer Br\u00fche oder Fond. Doch wie kommt man zu einer Br\u00fche?<br \/>Man kann einen industriell gefertigten Br\u00fchw\u00fcrfel verwenden, mit vielen bedenklichen Inhaltsstoffen und Geschmacksverst\u00e4rkern. <br \/>Eine Option ist das Reformhaus. Dort gibt es Br\u00fchw\u00fcrfel mit weniger Zusatzstoffen. Hier jedoch wird Hefe als Geschmackserzeuger verwendet. Auch nicht gut. Fertiger Fond ist eine sehr teure Option und enth\u00e4lt auch jede Menge Chemie. Ein Glas mit 500 ml kostet rund 4,- \u20ac.<br \/>Oder man stellt sich selbst Br\u00fche Konzentrat her. Dazu gibt es viele Anleitungen im Internet. Es ist allerdings sehr zeitaufw\u00e4ndig und bei den bisher 2 Versuchen die ich unternahm, war keine Version tats\u00e4chlich nutzbar.<\/p><p>Wenn ich z.B. Tafelspitz zubereite und 2-3 Stunden das Fleisch im Wasser mit Suppengr\u00fcn etc. gart, entsteht eine herrliche Br\u00fche. Diese verwende ich jedoch dann f\u00fcr das jeweilige Gericht, hier Tafelspitz. Ich mache daraus Suppe mit Nudeln, Kl\u00f6sen und kleingeschnittenem Fleisch. Den Rest ben\u00f6tige ich f\u00fcr die Meerrettichso\u00dfe zum Fleisch im Hauptgang. Dann ist sie aufgebraucht und somit nicht mehr nutzbar als Gem\u00fcsebr\u00fche f\u00fcr andere Gerichte.<br \/>Was also tun?!<br \/>Aus diesem Grund verwende ich in Suppen Br\u00fche aus dem Reformhaus, in Speisen Br\u00fchw\u00fcrfel von Maggi, und um nur etwas leicht nachzuw\u00fcrzen Gek\u00f6rnte Br\u00fche.<\/p><p>In den TV Kochsendungen wird immer Br\u00fche aus einer formsch\u00f6nen Karaffe benutzt. Doch was befindet sich darin? Ich wette, ein aufgel\u00f6ster Br\u00fchw\u00fcrfel, Chemie also.<\/p><p>Ich finde hierf\u00fcr keine dauerhaft umsetzbare gute L\u00f6sung.<br \/>Alle, die ich diesbez\u00fcglich fragte, konnten mir auch nicht weiter helfen.<br \/>Wenn ich aber in einem Rezept von einem Br\u00fchw\u00fcrfel spreche, verzieht jeder Koch das Gesicht und sagt: &#8220;Das geht gar nicht!&#8221;<\/p><\/div>\n\t\t\t\t<\/div>\n\t\t\t\t<\/div>\n\t\t\t\t\t\t<\/div>\n\t\t\t\t\t<\/div>\n\t\t<\/div>\n\t\t\t\t<div class=\"elementor-column elementor-col-50 elementor-inner-column elementor-element elementor-element-46a6f7a\" data-id=\"46a6f7a\" data-element_type=\"column\">\n\t\t\t<div class=\"elementor-column-wrap elementor-element-populated\">\n\t\t\t\t\t\t\t<div class=\"elementor-widget-wrap\">\n\t\t\t\t\t\t<div class=\"elementor-element elementor-element-47aa91b1 elementor-widget elementor-widget-image\" data-id=\"47aa91b1\" data-element_type=\"widget\" data-widget_type=\"image.default\">\n\t\t\t\t<div class=\"elementor-widget-container\">\n\t\t\t\t\t<div class=\"elementor-image\">\n\t\t\t\t\t\t\t\t\t\t<img width=\"1024\" height=\"575\" src=\"https:\/\/www.wkmathias.de\/food-blog\/wp-content\/uploads\/2021\/03\/Rinderroulade_17-1024x575.jpg\" class=\"elementor-animation-hang attachment-large size-large\" alt=\"\" loading=\"lazy\" srcset=\"https:\/\/www.wkmathias.de\/food-blog\/wp-content\/uploads\/2021\/03\/Rinderroulade_17-1024x575.jpg 1024w, https:\/\/www.wkmathias.de\/food-blog\/wp-content\/uploads\/2021\/03\/Rinderroulade_17-300x169.jpg 300w, https:\/\/www.wkmathias.de\/food-blog\/wp-content\/uploads\/2021\/03\/Rinderroulade_17-768x432.jpg 768w, https:\/\/www.wkmathias.de\/food-blog\/wp-content\/uploads\/2021\/03\/Rinderroulade_17-1536x863.jpg 1536w, https:\/\/www.wkmathias.de\/food-blog\/wp-content\/uploads\/2021\/03\/Rinderroulade_17.jpg 1600w\" sizes=\"(max-width: 1024px) 100vw, 1024px\" \/>\t\t\t\t\t\t\t\t\t\t\t<\/div>\n\t\t\t\t<\/div>\n\t\t\t\t<\/div>\n\t\t\t\t\t\t<\/div>\n\t\t\t\t\t<\/div>\n\t\t<\/div>\n\t\t\t\t\t\t\t\t<\/div>\n\t\t\t\t\t<\/div>\n\t\t<\/section>\n\t\t\t\t<section class=\"elementor-section elementor-inner-section elementor-element elementor-element-13c491c elementor-reverse-mobile elementor-section-boxed elementor-section-height-default elementor-section-height-default\" data-id=\"13c491c\" data-element_type=\"section\">\n\t\t\t\t\t\t<div class=\"elementor-container elementor-column-gap-default\">\n\t\t\t\t\t\t\t<div class=\"elementor-row\">\n\t\t\t\t\t<div class=\"elementor-column elementor-col-50 elementor-inner-column elementor-element elementor-element-c06f072\" data-id=\"c06f072\" data-element_type=\"column\" data-settings=\"{&quot;background_background&quot;:&quot;classic&quot;}\">\n\t\t\t<div class=\"elementor-column-wrap elementor-element-populated\">\n\t\t\t\t\t\t\t<div class=\"elementor-widget-wrap\">\n\t\t\t\t\t\t<div class=\"elementor-element elementor-element-cbcda3e elementor-widget elementor-widget-heading\" data-id=\"cbcda3e\" data-element_type=\"widget\" data-widget_type=\"heading.default\">\n\t\t\t\t<div class=\"elementor-widget-container\">\n\t\t\t<h3 class=\"elementor-heading-title elementor-size-default\">Koch-Kontakte<\/h3>\t\t<\/div>\n\t\t\t\t<\/div>\n\t\t\t\t<div class=\"elementor-element elementor-element-78b29d4 elementor-widget elementor-widget-text-editor\" data-id=\"78b29d4\" data-element_type=\"widget\" data-widget_type=\"text-editor.default\">\n\t\t\t\t<div class=\"elementor-widget-container\">\n\t\t\t\t\t<div class=\"elementor-text-editor elementor-clearfix\"><p>In der Vergangenheit hatte ich bereits einige &#8220;Koch-Kontakte&#8221;, wie ich es nenne. Man trifft sich, kocht und isst zusammen. Dies kann nat\u00fcrlich auch im Wechsel stattfinden. Ziel ist gemeinsamer Spa\u00df am Hobby &#8220;Kochen&#8221; und dabei m\u00f6glichst noch etwas lernen. Wichtig ist mir dabei, dass keine l\u00e4ngeren Fahrzeiten entstehen und dass es ausgeglichen ist. Auch die Interessen bez\u00fcglich der Gerichte und der Aufwand sollten beidseitig \u00e4hnlich sein und zusammen harmonieren.<\/p><p>Wenn es einseitig ist, wird es dauerhaft nicht funktionieren, <br \/>so wie mit allem.<\/p><\/div>\n\t\t\t\t<\/div>\n\t\t\t\t<\/div>\n\t\t\t\t\t\t<\/div>\n\t\t\t\t\t<\/div>\n\t\t<\/div>\n\t\t\t\t<div class=\"elementor-column elementor-col-50 elementor-inner-column elementor-element elementor-element-e0edb4c\" data-id=\"e0edb4c\" data-element_type=\"column\">\n\t\t\t<div class=\"elementor-column-wrap elementor-element-populated\">\n\t\t\t\t\t\t\t<div class=\"elementor-widget-wrap\">\n\t\t\t\t\t\t<div class=\"elementor-element elementor-element-0b594f5 elementor-widget elementor-widget-image\" data-id=\"0b594f5\" data-element_type=\"widget\" data-widget_type=\"image.default\">\n\t\t\t\t<div class=\"elementor-widget-container\">\n\t\t\t\t\t<div class=\"elementor-image\">\n\t\t\t\t\t\t\t\t\t\t<img width=\"620\" height=\"619\" src=\"https:\/\/www.wkmathias.de\/food-blog\/wp-content\/uploads\/2021\/03\/50_delicious_20141210_1546732099.jpg\" class=\"elementor-animation-hang attachment-large size-large\" alt=\"\" loading=\"lazy\" srcset=\"https:\/\/www.wkmathias.de\/food-blog\/wp-content\/uploads\/2021\/03\/50_delicious_20141210_1546732099.jpg 620w, https:\/\/www.wkmathias.de\/food-blog\/wp-content\/uploads\/2021\/03\/50_delicious_20141210_1546732099-300x300.jpg 300w, https:\/\/www.wkmathias.de\/food-blog\/wp-content\/uploads\/2021\/03\/50_delicious_20141210_1546732099-150x150.jpg 150w\" sizes=\"(max-width: 620px) 100vw, 620px\" \/>\t\t\t\t\t\t\t\t\t\t\t<\/div>\n\t\t\t\t<\/div>\n\t\t\t\t<\/div>\n\t\t\t\t\t\t<\/div>\n\t\t\t\t\t<\/div>\n\t\t<\/div>\n\t\t\t\t\t\t\t\t<\/div>\n\t\t\t\t\t<\/div>\n\t\t<\/section>\n\t\t\t\t\t\t<\/div>\n\t\t\t\t\t<\/div>\n\t\t<\/div>\n\t\t\t\t\t\t\t\t<\/div>\n\t\t\t\t\t<\/div>\n\t\t<\/section>\n\t\t\t\t<section class=\"elementor-section elementor-top-section elementor-element elementor-element-c092c05 elementor-section-boxed elementor-section-height-default elementor-section-height-default\" data-id=\"c092c05\" data-element_type=\"section\">\n\t\t\t\t\t\t<div class=\"elementor-container elementor-column-gap-default\">\n\t\t\t\t\t\t\t<div class=\"elementor-row\">\n\t\t\t\t\t<div class=\"elementor-column elementor-col-100 elementor-top-column elementor-element elementor-element-6740c0d\" data-id=\"6740c0d\" data-element_type=\"column\">\n\t\t\t<div class=\"elementor-column-wrap\">\n\t\t\t\t\t\t\t<div class=\"elementor-widget-wrap\">\n\t\t\t\t\t\t\t\t<\/div>\n\t\t\t\t\t<\/div>\n\t\t<\/div>\n\t\t\t\t\t\t\t\t<\/div>\n\t\t\t\t\t<\/div>\n\t\t<\/section>\n\t\t\t\t<section class=\"elementor-section elementor-top-section elementor-element elementor-element-93f45e6 elementor-section-boxed elementor-section-height-default elementor-section-height-default\" data-id=\"93f45e6\" data-element_type=\"section\">\n\t\t\t\t\t\t<div class=\"elementor-container elementor-column-gap-default\">\n\t\t\t\t\t\t\t<div class=\"elementor-row\">\n\t\t\t\t\t<div class=\"elementor-column elementor-col-100 elementor-top-column elementor-element elementor-element-f8b6b22\" data-id=\"f8b6b22\" data-element_type=\"column\">\n\t\t\t<div class=\"elementor-column-wrap elementor-element-populated\">\n\t\t\t\t\t\t\t<div class=\"elementor-widget-wrap\">\n\t\t\t\t\t\t<div class=\"elementor-element elementor-element-2aafdae elementor-widget elementor-widget-text-editor\" data-id=\"2aafdae\" data-element_type=\"widget\" data-widget_type=\"text-editor.default\">\n\t\t\t\t<div class=\"elementor-widget-container\">\n\t\t\t\t\t<div class=\"elementor-text-editor elementor-clearfix\"><p>Wer mir bez\u00fcglich einer meiner Suchen weiterhelfen kann und m\u00f6chte, m\u00f6ge mich bitte per Email kontaktieren.<br \/>Ich sage jetzt schon vielen Dank vorab!<\/p><\/div>\n\t\t\t\t<\/div>\n\t\t\t\t<\/div>\n\t\t\t\t\t\t<\/div>\n\t\t\t\t\t<\/div>\n\t\t<\/div>\n\t\t\t\t\t\t\t\t<\/div>\n\t\t\t\t\t<\/div>\n\t\t<\/section>\n\t\t\t\t<section class=\"elementor-section elementor-top-section elementor-element elementor-element-5acea66 elementor-section-boxed elementor-section-height-default elementor-section-height-default\" data-id=\"5acea66\" data-element_type=\"section\">\n\t\t\t\t\t\t<div class=\"elementor-container elementor-column-gap-default\">\n\t\t\t\t\t\t\t<div class=\"elementor-row\">\n\t\t\t\t\t<div class=\"elementor-column elementor-col-100 elementor-top-column elementor-element elementor-element-94581cb\" data-id=\"94581cb\" data-element_type=\"column\">\n\t\t\t<div class=\"elementor-column-wrap elementor-element-populated\">\n\t\t\t\t\t\t\t<div class=\"elementor-widget-wrap\">\n\t\t\t\t\t\t<div class=\"elementor-element elementor-element-ff5966c elementor-align-center elementor-widget elementor-widget-button\" data-id=\"ff5966c\" data-element_type=\"widget\" data-widget_type=\"button.default\">\n\t\t\t\t<div class=\"elementor-widget-container\">\n\t\t\t\t\t<div class=\"elementor-button-wrapper\">\n\t\t\t<a href=\"mailto:@wkmathias.de\" target=\"_blank\" class=\"elementor-button-link elementor-button elementor-size-sm\" role=\"button\">\n\t\t\t\t\t\t<span class=\"elementor-button-content-wrapper\">\n\t\t\t\t\t\t<span class=\"elementor-button-text\">Email<\/span>\n\t\t<\/span>\n\t\t\t\t\t<\/a>\n\t\t<\/div>\n\t\t\t\t<\/div>\n\t\t\t\t<\/div>\n\t\t\t\t\t\t<\/div>\n\t\t\t\t\t<\/div>\n\t\t<\/div>\n\t\t\t\t\t\t\t\t<\/div>\n\t\t\t\t\t<\/div>\n\t\t<\/section>\n\t\t\t\t\t\t<\/div>\n\t\t\t\t\t\t<\/div>\n\t\t\t\t\t<\/div>\n\t\t","protected":false},"excerpt":{"rendered":"<p>Suchen &#038; Finden Suche Gegrillte Peperoni Rezept Seit vielen Jahren suche ich ein Original-Rezept f\u00fcr griechische Peperoni. Viele denken jetzt, das ist doch nichts Besonderes. Doch, ist es! Anbraten oder grillen, etwas Knoblauch, \u00d6l, Schuss Zitrone&#8230; reicht nicht, es ist mehr.Ich habe viel getestet, nichts kommt an die Art und Weise wie im griech. Lokalen [&hellip;]<\/p>\n","protected":false},"author":1,"featured_media":0,"parent":0,"menu_order":0,"comment_status":"closed","ping_status":"closed","template":"","meta":[],"_links":{"self":[{"href":"https:\/\/www.wkmathias.de\/food-blog\/wp-json\/wp\/v2\/pages\/299"}],"collection":[{"href":"https:\/\/www.wkmathias.de\/food-blog\/wp-json\/wp\/v2\/pages"}],"about":[{"href":"https:\/\/www.wkmathias.de\/food-blog\/wp-json\/wp\/v2\/types\/page"}],"author":[{"embeddable":true,"href":"https:\/\/www.wkmathias.de\/food-blog\/wp-json\/wp\/v2\/users\/1"}],"replies":[{"embeddable":true,"href":"https:\/\/www.wkmathias.de\/food-blog\/wp-json\/wp\/v2\/comments?post=299"}],"version-history":[{"count":77,"href":"https:\/\/www.wkmathias.de\/food-blog\/wp-json\/wp\/v2\/pages\/299\/revisions"}],"predecessor-version":[{"id":1959,"href":"https:\/\/www.wkmathias.de\/food-blog\/wp-json\/wp\/v2\/pages\/299\/revisions\/1959"}],"wp:attachment":[{"href":"https:\/\/www.wkmathias.de\/food-blog\/wp-json\/wp\/v2\/media?parent=299"}],"curies":[{"name":"wp","href":"https:\/\/api.w.org\/{rel}","templated":true}]}}