{"id":34,"date":"2021-01-10T21:26:11","date_gmt":"2021-01-10T21:26:11","guid":{"rendered":"http:\/\/www.wkmathias.de\/fotodesign\/?page_id=34"},"modified":"2026-02-19T19:50:15","modified_gmt":"2026-02-19T19:50:15","slug":"ueber-mich","status":"publish","type":"page","link":"https:\/\/www.wkmathias.de\/fotodesign\/ueber-mich\/","title":{"rendered":"\u00dcber mich"},"content":{"rendered":"\t\t<div data-elementor-type=\"wp-page\" data-elementor-id=\"34\" class=\"elementor elementor-34\" data-elementor-settings=\"[]\">\n\t\t\t\t\t\t<div class=\"elementor-inner\">\n\t\t\t\t\t\t\t<div class=\"elementor-section-wrap\">\n\t\t\t\t\t\t\t<section class=\"elementor-section elementor-top-section elementor-element elementor-element-7f66cea5 elementor-section-boxed elementor-section-height-default elementor-section-height-default\" data-id=\"7f66cea5\" data-element_type=\"section\">\n\t\t\t\t\t\t<div class=\"elementor-container elementor-column-gap-default\">\n\t\t\t\t\t\t\t<div class=\"elementor-row\">\n\t\t\t\t\t<div class=\"elementor-column elementor-col-100 elementor-top-column elementor-element elementor-element-19dafd03\" data-id=\"19dafd03\" data-element_type=\"column\">\n\t\t\t<div class=\"elementor-column-wrap elementor-element-populated\">\n\t\t\t\t\t\t\t<div class=\"elementor-widget-wrap\">\n\t\t\t\t\t\t<div class=\"elementor-element elementor-element-617face3 elementor-widget elementor-widget-text-editor\" data-id=\"617face3\" data-element_type=\"widget\" data-widget_type=\"text-editor.default\">\n\t\t\t\t<div class=\"elementor-widget-container\">\n\t\t\t\t\t<div class=\"elementor-text-editor elementor-clearfix\"><p><!-- wp:paragraph --><\/p>\n<p>\u00dcber mich<\/p>\n<p><!-- \/wp:paragraph --><\/p><\/div>\n\t\t\t\t<\/div>\n\t\t\t\t<\/div>\n\t\t\t\t<section class=\"elementor-section elementor-inner-section elementor-element elementor-element-019b309 elementor-section-boxed elementor-section-height-default elementor-section-height-default\" data-id=\"019b309\" data-element_type=\"section\">\n\t\t\t\t\t\t<div class=\"elementor-container elementor-column-gap-default\">\n\t\t\t\t\t\t\t<div class=\"elementor-row\">\n\t\t\t\t\t<div class=\"elementor-column elementor-col-50 elementor-inner-column elementor-element elementor-element-4937a18\" data-id=\"4937a18\" data-element_type=\"column\">\n\t\t\t<div class=\"elementor-column-wrap elementor-element-populated\">\n\t\t\t\t\t\t\t<div class=\"elementor-widget-wrap\">\n\t\t\t\t\t\t<div class=\"elementor-element elementor-element-bc3e82b elementor-widget elementor-widget-text-editor\" data-id=\"bc3e82b\" data-element_type=\"widget\" data-widget_type=\"text-editor.default\">\n\t\t\t\t<div class=\"elementor-widget-container\">\n\t\t\t\t\t<div class=\"elementor-text-editor elementor-clearfix\"><p>1974 bin ich in Frankenthal in der Pfalz geboren und lebe seit mittlerweile 32 Jahren<br \/>in Ludwigshafen am Rhein.<\/p>\n<p>Mein urspr\u00fcnglicher Beruf ist Zahntechniker. Sp\u00e4ter wechselte ich jedoch in die IT und bin nun IT-Kaufmann, Technischer Redakteur und Fachinformatiker. Beim Besuch der Meisterschule in Ludwigshafen und Kaiserslautern qualifizierte ich mich u.a. zum Ausbilder.\u00a0<br \/>Mein aktueller Beruf als &#8220;Fachinformatiker&#8221; verbindet alle meine bisherigen T\u00e4tigkeiten. Somit sind<br \/>Technik allgemein, die Welt der IT, kaufm\u00e4nnische T\u00e4tigkeiten, Fotografie, Bildbearbeitung, das Schreiben&#8230;<br \/>miteinander kombiniert. Eine tolle Sache.<\/p>\n<p>Seit dem Alter von etwa 14 Jahren besch\u00e4ftige ich mich mit Fotografie, einige Jahre sp\u00e4ter auch mit der zugeh\u00f6rigen Technik sowie Bildbearbeitung und Optimierung am Computer. Aktuell ist mein Schwerpunkt die Astrofotografie.\u00a0<br \/>Eine zus\u00e4tzliche Spezialit\u00e4t von mir ist das Erstellen von Internetseiten, wie z.B. unter anderem dieser.<\/p><\/div>\n\t\t\t\t<\/div>\n\t\t\t\t<\/div>\n\t\t\t\t\t\t<\/div>\n\t\t\t\t\t<\/div>\n\t\t<\/div>\n\t\t\t\t<div class=\"elementor-column elementor-col-50 elementor-inner-column elementor-element elementor-element-f48232d\" data-id=\"f48232d\" data-element_type=\"column\">\n\t\t\t<div class=\"elementor-column-wrap elementor-element-populated\">\n\t\t\t\t\t\t\t<div class=\"elementor-widget-wrap\">\n\t\t\t\t\t\t<div class=\"elementor-element elementor-element-c993180 elementor-widget elementor-widget-image\" data-id=\"c993180\" data-element_type=\"widget\" data-widget_type=\"image.default\">\n\t\t\t\t<div class=\"elementor-widget-container\">\n\t\t\t\t\t<div class=\"elementor-image\">\n\t\t\t\t\t\t\t\t\t\t<img width=\"200\" height=\"300\" src=\"https:\/\/www.wkmathias.de\/fotodesign\/wp-content\/uploads\/2021\/01\/profilbild.jpg\" class=\"attachment-full size-full\" alt=\"\" loading=\"lazy\" \/>\t\t\t\t\t\t\t\t\t\t\t<\/div>\n\t\t\t\t<\/div>\n\t\t\t\t<\/div>\n\t\t\t\t\t\t<\/div>\n\t\t\t\t\t<\/div>\n\t\t<\/div>\n\t\t\t\t\t\t\t\t<\/div>\n\t\t\t\t\t<\/div>\n\t\t<\/section>\n\t\t\t\t<section class=\"elementor-section elementor-inner-section elementor-element elementor-element-f1a6288 elementor-section-boxed elementor-section-height-default elementor-section-height-default\" data-id=\"f1a6288\" data-element_type=\"section\">\n\t\t\t\t\t\t<div class=\"elementor-container elementor-column-gap-default\">\n\t\t\t\t\t\t\t<div class=\"elementor-row\">\n\t\t\t\t\t<div class=\"elementor-column elementor-col-100 elementor-inner-column elementor-element elementor-element-f160550\" data-id=\"f160550\" data-element_type=\"column\">\n\t\t\t<div class=\"elementor-column-wrap elementor-element-populated\">\n\t\t\t\t\t\t\t<div class=\"elementor-widget-wrap\">\n\t\t\t\t\t\t<div class=\"elementor-element elementor-element-cdd4150 elementor-widget elementor-widget-text-editor\" data-id=\"cdd4150\" data-element_type=\"widget\" data-widget_type=\"text-editor.default\">\n\t\t\t\t<div class=\"elementor-widget-container\">\n\t\t\t\t\t<div class=\"elementor-text-editor elementor-clearfix\"><p>Mein derzeitiges Studio ist privat und verf\u00fcgt \u00fcber ein sehr umfangreiches und reichhaltiges Equipment f\u00fcr jeden beliebigen Anspruch. Dazu z\u00e4hlen unter anderem eine leistungsstarke Windmaschine, Farbfilter in 16 Farbt\u00f6nen, alle Arten von Lichtformern inkl. menschengro\u00dfes Striplight, Nebelmaschine, ein lichtstarker Beamer f\u00fcr Lightpaintings, Duschgelegenheit nach z.B. Bodypainting-Shootings, im Winter eine angenehm warme Wohlf\u00fchltemperatur und im Sommer klimatisierte Frische.<\/p>\n<p>Separat verf\u00fcge ich \u00fcber ein mobiles Fotostudio, und kann \u00fcber ein reichhaltiges Angebot an tollen Locations zu jeder Jahreszeit verf\u00fcgen.<\/p>\n<p>Ich pr\u00e4sentiere hier Bildergebnisse aus der Zeit meiner Anf\u00e4nge bis heute, darauf lege ich Wert. Es soll meine pers\u00f6nliche Entwicklung zeigen und gerne auch zum Verweilen beitragen. Schnell besuchen, klick, klick, fertig, ist nicht meine Intention. Zus\u00e4tzlich kann man hier auch etwas lernen, da ich immer mehr allgemeine Hintergrundinfos zum besseren Verst\u00e4ndnis und zur allgemeinen Information hinterlasse. Andere nutzen hierf\u00fcr Facebook, Insta, Twitter und dergleichen. Ich setzte all das lieber mit meiner eigenen Website ohne Werbung und ohne KI um.<\/p>\n<p>Ein Nebenprojekt von mir ist u.a. der Bereich Timelaps, also Zeitraffer. Kurze Filme, die aus vielen Einzelbildern entstanden sind. Um diese Ergebnisse zu perfektionieren,\u00a0<br \/>habe ich 2025 begeonnen, mich mit Adobe Premiere zur Videobearbeitung vertraut zu machen.\u00a0<\/p>\n<p>Mein neuester Bereich den ich nun aktiv verfolge ist die Welt der Astrofotografie. Hier begann ich etwa 2024 mit der Lernphase und Aufnahmen mit gr\u00f6\u00dferen Brennweiten.<br \/>Nun bin ich dabei den Schwierigkeitsgrad durch Montierung (Nachf\u00fchrung) und Teleskop(e) zu erh\u00f6hen. Es gibt noch viel zu lernen&#8230; Aber auch diese Herausforderung\u00a0<br \/>werde ich am Ende meistern. \ud83d\ude42<\/p>\n<p>Viel Spa\u00df auf den Seiten meiner Homepage.<\/p><\/div>\n\t\t\t\t<\/div>\n\t\t\t\t<\/div>\n\t\t\t\t\t\t<\/div>\n\t\t\t\t\t<\/div>\n\t\t<\/div>\n\t\t\t\t\t\t\t\t<\/div>\n\t\t\t\t\t<\/div>\n\t\t<\/section>\n\t\t\t\t\t\t<\/div>\n\t\t\t\t\t<\/div>\n\t\t<\/div>\n\t\t\t\t\t\t\t\t<\/div>\n\t\t\t\t\t<\/div>\n\t\t<\/section>\n\t\t\t\t<section class=\"elementor-section elementor-top-section elementor-element elementor-element-4342820 elementor-section-boxed elementor-section-height-default elementor-section-height-default\" data-id=\"4342820\" data-element_type=\"section\">\n\t\t\t\t\t\t<div class=\"elementor-container elementor-column-gap-default\">\n\t\t\t\t\t\t\t<div class=\"elementor-row\">\n\t\t\t\t\t<div class=\"elementor-column elementor-col-100 elementor-top-column elementor-element elementor-element-065658d\" data-id=\"065658d\" data-element_type=\"column\">\n\t\t\t<div class=\"elementor-column-wrap elementor-element-populated\">\n\t\t\t\t\t\t\t<div class=\"elementor-widget-wrap\">\n\t\t\t\t\t\t<div class=\"elementor-element elementor-element-be141ae elementor-widget elementor-widget-text-editor\" data-id=\"be141ae\" data-element_type=\"widget\" data-widget_type=\"text-editor.default\">\n\t\t\t\t<div class=\"elementor-widget-container\">\n\t\t\t\t\t<div class=\"elementor-text-editor elementor-clearfix\"><p>Wolfgang Mathias<\/p><\/div>\n\t\t\t\t<\/div>\n\t\t\t\t<\/div>\n\t\t\t\t\t\t<\/div>\n\t\t\t\t\t<\/div>\n\t\t<\/div>\n\t\t\t\t\t\t\t\t<\/div>\n\t\t\t\t\t<\/div>\n\t\t<\/section>\n\t\t\t\t\t\t<\/div>\n\t\t\t\t\t\t<\/div>\n\t\t\t\t\t<\/div>\n\t\t ","protected":false},"excerpt":{"rendered":"<p>\u00dcber mich 1974 bin ich in Frankenthal in der Pfalz geboren und lebe seit mittlerweile 32 Jahrenin Ludwigshafen am Rhein. Mein urspr\u00fcnglicher Beruf ist Zahntechniker. Sp\u00e4ter wechselte ich jedoch in die IT und bin nun IT-Kaufmann, Technischer Redakteur und Fachinformatiker. Beim Besuch der Meisterschule in Ludwigshafen und Kaiserslautern qualifizierte ich mich u.a. zum Ausbilder.\u00a0Mein aktueller [&hellip;]<\/p>\n","protected":false},"author":1,"featured_media":0,"parent":0,"menu_order":0,"comment_status":"closed","ping_status":"closed","template":"","meta":[],"_links":{"self":[{"href":"https:\/\/www.wkmathias.de\/fotodesign\/wp-json\/wp\/v2\/pages\/34"}],"collection":[{"href":"https:\/\/www.wkmathias.de\/fotodesign\/wp-json\/wp\/v2\/pages"}],"about":[{"href":"https:\/\/www.wkmathias.de\/fotodesign\/wp-json\/wp\/v2\/types\/page"}],"author":[{"embeddable":true,"href":"https:\/\/www.wkmathias.de\/fotodesign\/wp-json\/wp\/v2\/users\/1"}],"replies":[{"embeddable":true,"href":"https:\/\/www.wkmathias.de\/fotodesign\/wp-json\/wp\/v2\/comments?post=34"}],"version-history":[{"count":113,"href":"https:\/\/www.wkmathias.de\/fotodesign\/wp-json\/wp\/v2\/pages\/34\/revisions"}],"predecessor-version":[{"id":10009,"href":"https:\/\/www.wkmathias.de\/fotodesign\/wp-json\/wp\/v2\/pages\/34\/revisions\/10009"}],"wp:attachment":[{"href":"https:\/\/www.wkmathias.de\/fotodesign\/wp-json\/wp\/v2\/media?parent=34"}],"curies":[{"name":"wp","href":"https:\/\/api.w.org\/{rel}","templated":true}]}}