{"id":3445,"date":"2021-02-01T10:13:15","date_gmt":"2021-02-01T10:13:15","guid":{"rendered":"http:\/\/www.wkmathias.de\/fotodesign\/?page_id=3445"},"modified":"2021-02-01T10:42:21","modified_gmt":"2021-02-01T10:42:21","slug":"fruechte-obst-und-gemuese","status":"publish","type":"page","link":"https:\/\/www.wkmathias.de\/fotodesign\/fruechte-obst-und-gemuese\/","title":{"rendered":"Fr\u00fcchte, Obst und Gem\u00fcse"},"content":{"rendered":"\t\t<div data-elementor-type=\"wp-page\" data-elementor-id=\"3445\" class=\"elementor elementor-3445\" data-elementor-settings=\"[]\">\n\t\t\t\t\t\t<div class=\"elementor-inner\">\n\t\t\t\t\t\t\t<div class=\"elementor-section-wrap\">\n\t\t\t\t\t\t\t<section class=\"elementor-section elementor-top-section elementor-element elementor-element-435af9b elementor-section-boxed elementor-section-height-default elementor-section-height-default\" data-id=\"435af9b\" data-element_type=\"section\">\n\t\t\t\t\t\t<div class=\"elementor-container elementor-column-gap-default\">\n\t\t\t\t\t\t\t<div class=\"elementor-row\">\n\t\t\t\t\t<div class=\"elementor-column elementor-col-100 elementor-top-column elementor-element elementor-element-cf7f13e\" data-id=\"cf7f13e\" data-element_type=\"column\">\n\t\t\t<div class=\"elementor-column-wrap elementor-element-populated\">\n\t\t\t\t\t\t\t<div class=\"elementor-widget-wrap\">\n\t\t\t\t\t\t<div class=\"elementor-element elementor-element-0c8d662 elementor-widget elementor-widget-text-editor\" data-id=\"0c8d662\" data-element_type=\"widget\" data-widget_type=\"text-editor.default\">\n\t\t\t\t<div class=\"elementor-widget-container\">\n\t\t\t\t\t<div class=\"elementor-text-editor elementor-clearfix\"><p>Fr\u00fcchte, Obst und Gem\u00fcse<\/p><\/div>\n\t\t\t\t<\/div>\n\t\t\t\t<\/div>\n\t\t\t\t\t\t<\/div>\n\t\t\t\t\t<\/div>\n\t\t<\/div>\n\t\t\t\t\t\t\t\t<\/div>\n\t\t\t\t\t<\/div>\n\t\t<\/section>\n\t\t\t\t<section class=\"elementor-section elementor-top-section elementor-element elementor-element-4fcce93 elementor-section-boxed elementor-section-height-default elementor-section-height-default\" data-id=\"4fcce93\" data-element_type=\"section\">\n\t\t\t\t\t\t<div class=\"elementor-container elementor-column-gap-default\">\n\t\t\t\t\t\t\t<div class=\"elementor-row\">\n\t\t\t\t\t<div class=\"elementor-column elementor-col-100 elementor-top-column elementor-element elementor-element-24054db\" data-id=\"24054db\" data-element_type=\"column\">\n\t\t\t<div class=\"elementor-column-wrap elementor-element-populated\">\n\t\t\t\t\t\t\t<div class=\"elementor-widget-wrap\">\n\t\t\t\t\t\t<div class=\"elementor-element elementor-element-f928973 elementor-widget elementor-widget-foogallery\" data-id=\"f928973\" data-element_type=\"widget\" data-widget_type=\"foogallery.default\">\n\t\t\t\t<div class=\"elementor-widget-container\">\n\t\t\t<div class=\"foogallery foogallery-container foogallery-justified foogallery-lightbox-foobox fg-justified fg-light fg-shadow-outline fg-loading-default fg-loaded-fade-in fg-caption-always fg-hover-fade fg-hover-zoom2 fg-ready\" id=\"foogallery-gallery-3379\" data-foogallery=\"{&quot;item&quot;:{&quot;showCaptionTitle&quot;:true,&quot;showCaptionDescription&quot;:false},&quot;lazy&quot;:true,&quot;src&quot;:&quot;data-src-fg&quot;,&quot;srcset&quot;:&quot;data-srcset-fg&quot;,&quot;template&quot;:{&quot;rowHeight&quot;:200,&quot;maxRowHeight&quot;:&quot;150%&quot;,&quot;margins&quot;:2,&quot;lastRow&quot;:&quot;justify&quot;}}\" data-fg-common-fields=\"1\" >\r\n\t<div class=\"fg-item\"><figure class=\"fg-item-inner\"><a href=\"https:\/\/www.wkmathias.de\/fotodesign\/wp-content\/uploads\/2021\/02\/1_tomatoes_20141203_1972781730.jpg\" data-attachment-id=\"3380\" class=\"fg-thumb\"><span class=\"fg-image-wrap\"><img height=\"250\" width=\"421\" data-src-fg=\"https:\/\/www.wkmathias.de\/fotodesign\/wp-content\/uploads\/cache\/2021\/02\/1_tomatoes_20141203_1972781730\/1075797226.jpg\" class=\"fg-image\" \/><\/span><\/a><figcaption class=\"fg-caption\"><div class=\"fg-caption-inner\"><\/div><\/figcaption><\/figure><div class=\"fg-loader\"><\/div><\/div><div class=\"fg-item\"><figure class=\"fg-item-inner\"><a href=\"https:\/\/www.wkmathias.de\/fotodesign\/wp-content\/uploads\/2021\/02\/2_castanea_20141203_1728323316.jpg\" data-attachment-id=\"3381\" class=\"fg-thumb\"><span class=\"fg-image-wrap\"><img height=\"250\" width=\"251\" data-src-fg=\"https:\/\/www.wkmathias.de\/fotodesign\/wp-content\/uploads\/cache\/2021\/02\/2_castanea_20141203_1728323316\/2666201850.jpg\" class=\"fg-image\" \/><\/span><\/a><figcaption class=\"fg-caption\"><div class=\"fg-caption-inner\"><\/div><\/figcaption><\/figure><div class=\"fg-loader\"><\/div><\/div><div class=\"fg-item\"><figure class=\"fg-item-inner\"><a href=\"https:\/\/www.wkmathias.de\/fotodesign\/wp-content\/uploads\/2021\/02\/3_paprika_20141203_1794580635.jpg\" data-attachment-id=\"3382\" class=\"fg-thumb\"><span class=\"fg-image-wrap\"><img height=\"250\" width=\"469\" data-src-fg=\"https:\/\/www.wkmathias.de\/fotodesign\/wp-content\/uploads\/cache\/2021\/02\/3_paprika_20141203_1794580635\/1033587138.jpg\" class=\"fg-image\" \/><\/span><\/a><figcaption class=\"fg-caption\"><div class=\"fg-caption-inner\"><\/div><\/figcaption><\/figure><div class=\"fg-loader\"><\/div><\/div><div class=\"fg-item\"><figure class=\"fg-item-inner\"><a href=\"https:\/\/www.wkmathias.de\/fotodesign\/wp-content\/uploads\/2021\/02\/4_kiwi_vegetable_food_20141203_1132869171.jpg\" data-attachment-id=\"3383\" class=\"fg-thumb\"><span class=\"fg-image-wrap\"><img height=\"250\" width=\"447\" data-src-fg=\"https:\/\/www.wkmathias.de\/fotodesign\/wp-content\/uploads\/cache\/2021\/02\/4_kiwi_vegetable_food_20141203_1132869171\/3184733144.jpg\" class=\"fg-image\" \/><\/span><\/a><figcaption class=\"fg-caption\"><div class=\"fg-caption-inner\"><\/div><\/figcaption><\/figure><div class=\"fg-loader\"><\/div><\/div><div class=\"fg-item\"><figure class=\"fg-item-inner\"><a href=\"https:\/\/www.wkmathias.de\/fotodesign\/wp-content\/uploads\/2021\/02\/5_big_tomatoe_20141203_1859601128.jpg\" data-attachment-id=\"3384\" class=\"fg-thumb\"><span class=\"fg-image-wrap\"><img height=\"250\" width=\"371\" data-src-fg=\"https:\/\/www.wkmathias.de\/fotodesign\/wp-content\/uploads\/cache\/2021\/02\/5_big_tomatoe_20141203_1859601128\/1917397069.jpg\" class=\"fg-image\" \/><\/span><\/a><figcaption class=\"fg-caption\"><div class=\"fg-caption-inner\"><\/div><\/figcaption><\/figure><div class=\"fg-loader\"><\/div><\/div><div class=\"fg-item\"><figure class=\"fg-item-inner\"><a href=\"https:\/\/www.wkmathias.de\/fotodesign\/wp-content\/uploads\/2021\/02\/6_broccoli_20141203_1126606572.jpg\" data-attachment-id=\"3385\" class=\"fg-thumb\"><span class=\"fg-image-wrap\"><img height=\"250\" width=\"566\" data-src-fg=\"https:\/\/www.wkmathias.de\/fotodesign\/wp-content\/uploads\/cache\/2021\/02\/6_broccoli_20141203_1126606572\/2009218436.jpg\" class=\"fg-image\" \/><\/span><\/a><figcaption class=\"fg-caption\"><div class=\"fg-caption-inner\"><\/div><\/figcaption><\/figure><div class=\"fg-loader\"><\/div><\/div><div class=\"fg-item\"><figure class=\"fg-item-inner\"><a href=\"https:\/\/www.wkmathias.de\/fotodesign\/wp-content\/uploads\/2021\/02\/7_aubergine_20141203_1213246441.jpg\" data-attachment-id=\"3386\" class=\"fg-thumb\"><span class=\"fg-image-wrap\"><img height=\"250\" width=\"497\" data-src-fg=\"https:\/\/www.wkmathias.de\/fotodesign\/wp-content\/uploads\/cache\/2021\/02\/7_aubergine_20141203_1213246441\/1917861795.jpg\" class=\"fg-image\" \/><\/span><\/a><figcaption class=\"fg-caption\"><div class=\"fg-caption-inner\"><\/div><\/figcaption><\/figure><div class=\"fg-loader\"><\/div><\/div><div class=\"fg-item\"><figure class=\"fg-item-inner\"><a href=\"https:\/\/www.wkmathias.de\/fotodesign\/wp-content\/uploads\/2021\/02\/8_aubergines_20141203_1367112634.jpg\" data-attachment-id=\"3387\" class=\"fg-thumb\"><span class=\"fg-image-wrap\"><img height=\"250\" width=\"558\" data-src-fg=\"https:\/\/www.wkmathias.de\/fotodesign\/wp-content\/uploads\/cache\/2021\/02\/8_aubergines_20141203_1367112634\/2706861832.jpg\" class=\"fg-image\" \/><\/span><\/a><figcaption class=\"fg-caption\"><div class=\"fg-caption-inner\"><\/div><\/figcaption><\/figure><div class=\"fg-loader\"><\/div><\/div><div class=\"fg-item\"><figure class=\"fg-item-inner\"><a href=\"https:\/\/www.wkmathias.de\/fotodesign\/wp-content\/uploads\/2021\/02\/9_tomatoes_on_the_vine_20141203_1683355981.jpg\" data-attachment-id=\"3388\" class=\"fg-thumb\"><span class=\"fg-image-wrap\"><img height=\"250\" width=\"487\" data-src-fg=\"https:\/\/www.wkmathias.de\/fotodesign\/wp-content\/uploads\/cache\/2021\/02\/9_tomatoes_on_the_vine_20141203_1683355981\/1450912464.jpg\" class=\"fg-image\" \/><\/span><\/a><figcaption class=\"fg-caption\"><div class=\"fg-caption-inner\"><\/div><\/figcaption><\/figure><div class=\"fg-loader\"><\/div><\/div><div class=\"fg-item\"><figure class=\"fg-item-inner\"><a href=\"https:\/\/www.wkmathias.de\/fotodesign\/wp-content\/uploads\/2021\/02\/10_tomate-basilikum_20141203_1121054511.jpg\" data-attachment-id=\"3389\" class=\"fg-thumb\"><span class=\"fg-image-wrap\"><img height=\"250\" width=\"408\" data-src-fg=\"https:\/\/www.wkmathias.de\/fotodesign\/wp-content\/uploads\/cache\/2021\/02\/10_tomate-basilikum_20141203_1121054511\/1016418747.jpg\" class=\"fg-image\" \/><\/span><\/a><figcaption class=\"fg-caption\"><div class=\"fg-caption-inner\"><\/div><\/figcaption><\/figure><div class=\"fg-loader\"><\/div><\/div><div class=\"fg-item\"><figure class=\"fg-item-inner\"><a href=\"https:\/\/www.wkmathias.de\/fotodesign\/wp-content\/uploads\/2021\/02\/11_vine_tomatoes_20141203_1995530001.jpg\" data-attachment-id=\"3390\" class=\"fg-thumb\"><span class=\"fg-image-wrap\"><img height=\"250\" width=\"435\" data-src-fg=\"https:\/\/www.wkmathias.de\/fotodesign\/wp-content\/uploads\/cache\/2021\/02\/11_vine_tomatoes_20141203_1995530001\/1471291784.jpg\" class=\"fg-image\" \/><\/span><\/a><figcaption class=\"fg-caption\"><div class=\"fg-caption-inner\"><\/div><\/figcaption><\/figure><div class=\"fg-loader\"><\/div><\/div><div class=\"fg-item\"><figure class=\"fg-item-inner\"><a href=\"https:\/\/www.wkmathias.de\/fotodesign\/wp-content\/uploads\/2021\/02\/12_rispentomaten_20141203_1327653587.jpg\" data-attachment-id=\"3391\" class=\"fg-thumb\"><span class=\"fg-image-wrap\"><img height=\"250\" width=\"511\" data-src-fg=\"https:\/\/www.wkmathias.de\/fotodesign\/wp-content\/uploads\/cache\/2021\/02\/12_rispentomaten_20141203_1327653587\/4079493213.jpg\" class=\"fg-image\" \/><\/span><\/a><figcaption class=\"fg-caption\"><div class=\"fg-caption-inner\"><\/div><\/figcaption><\/figure><div class=\"fg-loader\"><\/div><\/div><div class=\"fg-item\"><figure class=\"fg-item-inner\"><a href=\"https:\/\/www.wkmathias.de\/fotodesign\/wp-content\/uploads\/2021\/02\/13_t_o_m_a_t_e_n_20141203_1890547913.jpg\" data-attachment-id=\"3392\" class=\"fg-thumb\"><span class=\"fg-image-wrap\"><img height=\"250\" width=\"365\" data-src-fg=\"https:\/\/www.wkmathias.de\/fotodesign\/wp-content\/uploads\/cache\/2021\/02\/13_t_o_m_a_t_e_n_20141203_1890547913\/2178181995.jpg\" class=\"fg-image\" \/><\/span><\/a><figcaption class=\"fg-caption\"><div class=\"fg-caption-inner\"><\/div><\/figcaption><\/figure><div class=\"fg-loader\"><\/div><\/div><div class=\"fg-item\"><figure class=\"fg-item-inner\"><a href=\"https:\/\/www.wkmathias.de\/fotodesign\/wp-content\/uploads\/2021\/02\/14_c_i_t_r_o_n_20141203_1250230278.jpg\" data-attachment-id=\"3393\" class=\"fg-thumb\"><span class=\"fg-image-wrap\"><img height=\"250\" width=\"445\" data-src-fg=\"https:\/\/www.wkmathias.de\/fotodesign\/wp-content\/uploads\/cache\/2021\/02\/14_c_i_t_r_o_n_20141203_1250230278\/2885878989.jpg\" class=\"fg-image\" \/><\/span><\/a><figcaption class=\"fg-caption\"><div class=\"fg-caption-inner\"><\/div><\/figcaption><\/figure><div class=\"fg-loader\"><\/div><\/div><div class=\"fg-item\"><figure class=\"fg-item-inner\"><a href=\"https:\/\/www.wkmathias.de\/fotodesign\/wp-content\/uploads\/2021\/02\/15_zitronen_20141203_1859416537.jpg\" data-attachment-id=\"3394\" class=\"fg-thumb\"><span class=\"fg-image-wrap\"><img height=\"250\" width=\"515\" data-src-fg=\"https:\/\/www.wkmathias.de\/fotodesign\/wp-content\/uploads\/cache\/2021\/02\/15_zitronen_20141203_1859416537\/3132652129.jpg\" class=\"fg-image\" \/><\/span><\/a><figcaption class=\"fg-caption\"><div class=\"fg-caption-inner\"><\/div><\/figcaption><\/figure><div class=\"fg-loader\"><\/div><\/div><div class=\"fg-item\"><figure class=\"fg-item-inner\"><a href=\"https:\/\/www.wkmathias.de\/fotodesign\/wp-content\/uploads\/2021\/02\/16_die_zitronenschlange_20141203_1829241225.jpg\" data-attachment-id=\"3395\" class=\"fg-thumb\"><span class=\"fg-image-wrap\"><img height=\"250\" width=\"429\" data-src-fg=\"https:\/\/www.wkmathias.de\/fotodesign\/wp-content\/uploads\/cache\/2021\/02\/16_die_zitronenschlange_20141203_1829241225\/2170614782.jpg\" class=\"fg-image\" \/><\/span><\/a><figcaption class=\"fg-caption\"><div class=\"fg-caption-inner\"><\/div><\/figcaption><\/figure><div class=\"fg-loader\"><\/div><\/div><div class=\"fg-item\"><figure class=\"fg-item-inner\"><a href=\"https:\/\/www.wkmathias.de\/fotodesign\/wp-content\/uploads\/2021\/02\/17_zitronenraeder_20141203_2092939149.jpg\" data-attachment-id=\"3396\" class=\"fg-thumb\"><span class=\"fg-image-wrap\"><img height=\"250\" width=\"380\" data-src-fg=\"https:\/\/www.wkmathias.de\/fotodesign\/wp-content\/uploads\/cache\/2021\/02\/17_zitronenraeder_20141203_2092939149\/3482497973.jpg\" class=\"fg-image\" \/><\/span><\/a><figcaption class=\"fg-caption\"><div class=\"fg-caption-inner\"><\/div><\/figcaption><\/figure><div class=\"fg-loader\"><\/div><\/div><div class=\"fg-item\"><figure class=\"fg-item-inner\"><a href=\"https:\/\/www.wkmathias.de\/fotodesign\/wp-content\/uploads\/2021\/02\/18_s_l_i_c_e_d_20141203_1117115125.jpg\" data-attachment-id=\"3397\" class=\"fg-thumb\"><span class=\"fg-image-wrap\"><img height=\"250\" width=\"460\" data-src-fg=\"https:\/\/www.wkmathias.de\/fotodesign\/wp-content\/uploads\/cache\/2021\/02\/18_s_l_i_c_e_d_20141203_1117115125\/2815278861.jpg\" class=\"fg-image\" \/><\/span><\/a><figcaption class=\"fg-caption\"><div class=\"fg-caption-inner\"><\/div><\/figcaption><\/figure><div class=\"fg-loader\"><\/div><\/div><div class=\"fg-item\"><figure class=\"fg-item-inner\"><a href=\"https:\/\/www.wkmathias.de\/fotodesign\/wp-content\/uploads\/2021\/02\/19_sauer_macht_lustig_20141203_1685794711.jpg\" data-attachment-id=\"3398\" class=\"fg-thumb\"><span class=\"fg-image-wrap\"><img height=\"250\" width=\"161\" data-src-fg=\"https:\/\/www.wkmathias.de\/fotodesign\/wp-content\/uploads\/cache\/2021\/02\/19_sauer_macht_lustig_20141203_1685794711\/2975673901.jpg\" class=\"fg-image\" \/><\/span><\/a><figcaption class=\"fg-caption\"><div class=\"fg-caption-inner\"><\/div><\/figcaption><\/figure><div class=\"fg-loader\"><\/div><\/div><div class=\"fg-item\"><figure class=\"fg-item-inner\"><a href=\"https:\/\/www.wkmathias.de\/fotodesign\/wp-content\/uploads\/2021\/02\/20_baby_paprika_20141203_1792779883.jpg\" data-attachment-id=\"3399\" class=\"fg-thumb\"><span class=\"fg-image-wrap\"><img height=\"250\" width=\"455\" data-src-fg=\"https:\/\/www.wkmathias.de\/fotodesign\/wp-content\/uploads\/cache\/2021\/02\/20_baby_paprika_20141203_1792779883\/3987835901.jpg\" class=\"fg-image\" \/><\/span><\/a><figcaption class=\"fg-caption\"><div class=\"fg-caption-inner\"><\/div><\/figcaption><\/figure><div class=\"fg-loader\"><\/div><\/div><div class=\"fg-item\"><figure class=\"fg-item-inner\"><a href=\"https:\/\/www.wkmathias.de\/fotodesign\/wp-content\/uploads\/2021\/02\/21_paprika_rot_gruen_20141203_1121524040.jpg\" data-attachment-id=\"3400\" class=\"fg-thumb\"><span class=\"fg-image-wrap\"><img height=\"250\" width=\"477\" data-src-fg=\"https:\/\/www.wkmathias.de\/fotodesign\/wp-content\/uploads\/cache\/2021\/02\/21_paprika_rot_gruen_20141203_1121524040\/464486799.jpg\" class=\"fg-image\" \/><\/span><\/a><figcaption class=\"fg-caption\"><div class=\"fg-caption-inner\"><\/div><\/figcaption><\/figure><div class=\"fg-loader\"><\/div><\/div><div class=\"fg-item\"><figure class=\"fg-item-inner\"><a href=\"https:\/\/www.wkmathias.de\/fotodesign\/wp-content\/uploads\/2021\/02\/22_paprika_vs_zwiebel_20141203_1642779872.jpg\" data-attachment-id=\"3401\" class=\"fg-thumb\"><span class=\"fg-image-wrap\"><img height=\"250\" width=\"454\" data-src-fg=\"https:\/\/www.wkmathias.de\/fotodesign\/wp-content\/uploads\/cache\/2021\/02\/22_paprika_vs_zwiebel_20141203_1642779872\/903639826.jpg\" class=\"fg-image\" \/><\/span><\/a><figcaption class=\"fg-caption\"><div class=\"fg-caption-inner\"><\/div><\/figcaption><\/figure><div class=\"fg-loader\"><\/div><\/div><div class=\"fg-item\"><figure class=\"fg-item-inner\"><a href=\"https:\/\/www.wkmathias.de\/fotodesign\/wp-content\/uploads\/2021\/02\/23_p_a_p_r_i_k_a_20141203_1697508201.jpg\" data-attachment-id=\"3402\" class=\"fg-thumb\"><span class=\"fg-image-wrap\"><img height=\"250\" width=\"402\" data-src-fg=\"https:\/\/www.wkmathias.de\/fotodesign\/wp-content\/uploads\/cache\/2021\/02\/23_p_a_p_r_i_k_a_20141203_1697508201\/2977313525.jpg\" class=\"fg-image\" \/><\/span><\/a><figcaption class=\"fg-caption\"><div class=\"fg-caption-inner\"><\/div><\/figcaption><\/figure><div class=\"fg-loader\"><\/div><\/div><div class=\"fg-item\"><figure class=\"fg-item-inner\"><a href=\"https:\/\/www.wkmathias.de\/fotodesign\/wp-content\/uploads\/2021\/02\/24_colored_vegetable_20141203_1106757548.jpg\" data-attachment-id=\"3403\" class=\"fg-thumb\"><span class=\"fg-image-wrap\"><img height=\"250\" width=\"417\" data-src-fg=\"https:\/\/www.wkmathias.de\/fotodesign\/wp-content\/uploads\/cache\/2021\/02\/24_colored_vegetable_20141203_1106757548\/760383634.jpg\" class=\"fg-image\" \/><\/span><\/a><figcaption class=\"fg-caption\"><div class=\"fg-caption-inner\"><\/div><\/figcaption><\/figure><div class=\"fg-loader\"><\/div><\/div><div class=\"fg-item\"><figure class=\"fg-item-inner\"><a href=\"https:\/\/www.wkmathias.de\/fotodesign\/wp-content\/uploads\/2021\/02\/25_knoblauch_20141203_1716151838.jpg\" data-attachment-id=\"3404\" class=\"fg-thumb\"><span class=\"fg-image-wrap\"><img height=\"250\" width=\"423\" data-src-fg=\"https:\/\/www.wkmathias.de\/fotodesign\/wp-content\/uploads\/cache\/2021\/02\/25_knoblauch_20141203_1716151838\/465610260.jpg\" class=\"fg-image\" \/><\/span><\/a><figcaption class=\"fg-caption\"><div class=\"fg-caption-inner\"><\/div><\/figcaption><\/figure><div class=\"fg-loader\"><\/div><\/div><\/div>\r\n\t\t<\/div>\n\t\t\t\t<\/div>\n\t\t\t\t\t\t<\/div>\n\t\t\t\t\t<\/div>\n\t\t<\/div>\n\t\t\t\t\t\t\t\t<\/div>\n\t\t\t\t\t<\/div>\n\t\t<\/section>\n\t\t\t\t<section class=\"elementor-section elementor-top-section elementor-element elementor-element-edeec2c elementor-section-boxed elementor-section-height-default elementor-section-height-default\" data-id=\"edeec2c\" data-element_type=\"section\">\n\t\t\t\t\t\t<div class=\"elementor-container elementor-column-gap-default\">\n\t\t\t\t\t\t\t<div class=\"elementor-row\">\n\t\t\t\t\t<div class=\"elementor-column elementor-col-100 elementor-top-column elementor-element elementor-element-95f589a\" data-id=\"95f589a\" data-element_type=\"column\">\n\t\t\t<div class=\"elementor-column-wrap elementor-element-populated\">\n\t\t\t\t\t\t\t<div class=\"elementor-widget-wrap\">\n\t\t\t\t\t\t<div class=\"elementor-element elementor-element-daaef39 elementor-align-center elementor-widget elementor-widget-button\" data-id=\"daaef39\" data-element_type=\"widget\" data-widget_type=\"button.default\">\n\t\t\t\t<div class=\"elementor-widget-container\">\n\t\t\t\t\t<div class=\"elementor-button-wrapper\">\n\t\t\t<a href=\"https:\/\/www.wkmathias.de\/fotodesign\/tabletop\/\" class=\"elementor-button-link elementor-button elementor-size-sm\" role=\"button\">\n\t\t\t\t\t\t<span class=\"elementor-button-content-wrapper\">\n\t\t\t\t\t\t<span class=\"elementor-button-text\">Zur\u00fcck<\/span>\n\t\t<\/span>\n\t\t\t\t\t<\/a>\n\t\t<\/div>\n\t\t\t\t<\/div>\n\t\t\t\t<\/div>\n\t\t\t\t\t\t<\/div>\n\t\t\t\t\t<\/div>\n\t\t<\/div>\n\t\t\t\t\t\t\t\t<\/div>\n\t\t\t\t\t<\/div>\n\t\t<\/section>\n\t\t\t\t\t\t<\/div>\n\t\t\t\t\t\t<\/div>\n\t\t\t\t\t<\/div>\n\t\t ","protected":false},"excerpt":{"rendered":"<p>Fr\u00fcchte, Obst und Gem\u00fcse Zur\u00fcck<\/p>\n","protected":false},"author":1,"featured_media":0,"parent":0,"menu_order":0,"comment_status":"closed","ping_status":"closed","template":"","meta":[],"_links":{"self":[{"href":"https:\/\/www.wkmathias.de\/fotodesign\/wp-json\/wp\/v2\/pages\/3445"}],"collection":[{"href":"https:\/\/www.wkmathias.de\/fotodesign\/wp-json\/wp\/v2\/pages"}],"about":[{"href":"https:\/\/www.wkmathias.de\/fotodesign\/wp-json\/wp\/v2\/types\/page"}],"author":[{"embeddable":true,"href":"https:\/\/www.wkmathias.de\/fotodesign\/wp-json\/wp\/v2\/users\/1"}],"replies":[{"embeddable":true,"href":"https:\/\/www.wkmathias.de\/fotodesign\/wp-json\/wp\/v2\/comments?post=3445"}],"version-history":[{"count":16,"href":"https:\/\/www.wkmathias.de\/fotodesign\/wp-json\/wp\/v2\/pages\/3445\/revisions"}],"predecessor-version":[{"id":3532,"href":"https:\/\/www.wkmathias.de\/fotodesign\/wp-json\/wp\/v2\/pages\/3445\/revisions\/3532"}],"wp:attachment":[{"href":"https:\/\/www.wkmathias.de\/fotodesign\/wp-json\/wp\/v2\/media?parent=3445"}],"curies":[{"name":"wp","href":"https:\/\/api.w.org\/{rel}","templated":true}]}}