{"id":3505,"date":"2021-02-01T10:38:08","date_gmt":"2021-02-01T10:38:08","guid":{"rendered":"http:\/\/www.wkmathias.de\/fotodesign\/?page_id=3505"},"modified":"2021-02-01T10:39:24","modified_gmt":"2021-02-01T10:39:24","slug":"suessigkeiten","status":"publish","type":"page","link":"https:\/\/www.wkmathias.de\/fotodesign\/suessigkeiten\/","title":{"rendered":"S\u00fc\u00dfigkeiten"},"content":{"rendered":"\t\t<div data-elementor-type=\"wp-page\" data-elementor-id=\"3505\" class=\"elementor elementor-3505\" data-elementor-settings=\"[]\">\n\t\t\t\t\t\t<div class=\"elementor-inner\">\n\t\t\t\t\t\t\t<div class=\"elementor-section-wrap\">\n\t\t\t\t\t\t\t<section class=\"elementor-section elementor-top-section elementor-element elementor-element-2e169f7 elementor-section-boxed elementor-section-height-default elementor-section-height-default\" data-id=\"2e169f7\" data-element_type=\"section\">\n\t\t\t\t\t\t<div class=\"elementor-container elementor-column-gap-default\">\n\t\t\t\t\t\t\t<div class=\"elementor-row\">\n\t\t\t\t\t<div class=\"elementor-column elementor-col-100 elementor-top-column elementor-element elementor-element-71717c7\" data-id=\"71717c7\" data-element_type=\"column\">\n\t\t\t<div class=\"elementor-column-wrap elementor-element-populated\">\n\t\t\t\t\t\t\t<div class=\"elementor-widget-wrap\">\n\t\t\t\t\t\t<div class=\"elementor-element elementor-element-0741b6e elementor-widget elementor-widget-text-editor\" data-id=\"0741b6e\" data-element_type=\"widget\" data-widget_type=\"text-editor.default\">\n\t\t\t\t<div class=\"elementor-widget-container\">\n\t\t\t\t\t<div class=\"elementor-text-editor elementor-clearfix\"><p>S\u00fc\u00dfigkeiten<\/p><\/div>\n\t\t\t\t<\/div>\n\t\t\t\t<\/div>\n\t\t\t\t\t\t<\/div>\n\t\t\t\t\t<\/div>\n\t\t<\/div>\n\t\t\t\t\t\t\t\t<\/div>\n\t\t\t\t\t<\/div>\n\t\t<\/section>\n\t\t\t\t<section class=\"elementor-section elementor-top-section elementor-element elementor-element-99e7533 elementor-section-boxed elementor-section-height-default elementor-section-height-default\" data-id=\"99e7533\" data-element_type=\"section\">\n\t\t\t\t\t\t<div class=\"elementor-container elementor-column-gap-default\">\n\t\t\t\t\t\t\t<div class=\"elementor-row\">\n\t\t\t\t\t<div class=\"elementor-column elementor-col-100 elementor-top-column elementor-element elementor-element-c98df2e\" data-id=\"c98df2e\" data-element_type=\"column\">\n\t\t\t<div class=\"elementor-column-wrap elementor-element-populated\">\n\t\t\t\t\t\t\t<div class=\"elementor-widget-wrap\">\n\t\t\t\t\t\t<div class=\"elementor-element elementor-element-03dd450 elementor-widget elementor-widget-foogallery\" data-id=\"03dd450\" data-element_type=\"widget\" data-widget_type=\"foogallery.default\">\n\t\t\t\t<div class=\"elementor-widget-container\">\n\t\t\t<div class=\"foogallery foogallery-container foogallery-justified foogallery-lightbox-foobox fg-justified fg-light fg-shadow-outline fg-loading-default fg-loaded-fade-in fg-caption-always fg-hover-fade fg-hover-zoom2 fg-ready\" id=\"foogallery-gallery-3413\" data-foogallery=\"{&quot;item&quot;:{&quot;showCaptionTitle&quot;:true,&quot;showCaptionDescription&quot;:false},&quot;lazy&quot;:true,&quot;src&quot;:&quot;data-src-fg&quot;,&quot;srcset&quot;:&quot;data-srcset-fg&quot;,&quot;template&quot;:{&quot;rowHeight&quot;:200,&quot;maxRowHeight&quot;:&quot;150%&quot;,&quot;margins&quot;:2,&quot;lastRow&quot;:&quot;justify&quot;}}\" data-fg-common-fields=\"1\" >\r\n\t<div class=\"fg-item\"><figure class=\"fg-item-inner\"><a href=\"https:\/\/www.wkmathias.de\/fotodesign\/wp-content\/uploads\/2021\/02\/1_gummibaerchen_20141203_1655173194.jpg\" data-attachment-id=\"3414\" class=\"fg-thumb\"><span class=\"fg-image-wrap\"><img height=\"250\" width=\"451\" data-src-fg=\"https:\/\/www.wkmathias.de\/fotodesign\/wp-content\/uploads\/cache\/2021\/02\/1_gummibaerchen_20141203_1655173194\/3425199207.jpg\" class=\"fg-image\" \/><\/span><\/a><figcaption class=\"fg-caption\"><div class=\"fg-caption-inner\"><\/div><\/figcaption><\/figure><div class=\"fg-loader\"><\/div><\/div><div class=\"fg-item\"><figure class=\"fg-item-inner\"><a href=\"https:\/\/www.wkmathias.de\/fotodesign\/wp-content\/uploads\/2021\/02\/2_enjoy_your_gum_20141203_2043598931.jpg\" data-attachment-id=\"3415\" class=\"fg-thumb\"><span class=\"fg-image-wrap\"><img height=\"250\" width=\"470\" data-src-fg=\"https:\/\/www.wkmathias.de\/fotodesign\/wp-content\/uploads\/cache\/2021\/02\/2_enjoy_your_gum_20141203_2043598931\/564197014.jpg\" class=\"fg-image\" \/><\/span><\/a><figcaption class=\"fg-caption\"><div class=\"fg-caption-inner\"><\/div><\/figcaption><\/figure><div class=\"fg-loader\"><\/div><\/div><div class=\"fg-item\"><figure class=\"fg-item-inner\"><a href=\"https:\/\/www.wkmathias.de\/fotodesign\/wp-content\/uploads\/2021\/02\/3_6x2ist12_20141203_1834053936.jpg\" data-attachment-id=\"3416\" class=\"fg-thumb\"><span class=\"fg-image-wrap\"><img height=\"250\" width=\"360\" data-src-fg=\"https:\/\/www.wkmathias.de\/fotodesign\/wp-content\/uploads\/cache\/2021\/02\/3_6x2ist12_20141203_1834053936\/985296836.jpg\" class=\"fg-image\" \/><\/span><\/a><figcaption class=\"fg-caption\"><div class=\"fg-caption-inner\"><\/div><\/figcaption><\/figure><div class=\"fg-loader\"><\/div><\/div><div class=\"fg-item\"><figure class=\"fg-item-inner\"><a href=\"https:\/\/www.wkmathias.de\/fotodesign\/wp-content\/uploads\/2021\/02\/4_k_a_m_a_s_u_t_r_a_20141203_1056163213.jpg\" data-attachment-id=\"3417\" class=\"fg-thumb\"><span class=\"fg-image-wrap\"><img height=\"250\" width=\"551\" data-src-fg=\"https:\/\/www.wkmathias.de\/fotodesign\/wp-content\/uploads\/cache\/2021\/02\/4_k_a_m_a_s_u_t_r_a_20141203_1056163213\/1758404878.jpg\" class=\"fg-image\" \/><\/span><\/a><figcaption class=\"fg-caption\"><div class=\"fg-caption-inner\"><\/div><\/figcaption><\/figure><div class=\"fg-loader\"><\/div><\/div><\/div>\r\n\t\t<\/div>\n\t\t\t\t<\/div>\n\t\t\t\t\t\t<\/div>\n\t\t\t\t\t<\/div>\n\t\t<\/div>\n\t\t\t\t\t\t\t\t<\/div>\n\t\t\t\t\t<\/div>\n\t\t<\/section>\n\t\t\t\t<section class=\"elementor-section elementor-top-section elementor-element elementor-element-6787627 elementor-section-boxed elementor-section-height-default elementor-section-height-default\" data-id=\"6787627\" data-element_type=\"section\">\n\t\t\t\t\t\t<div class=\"elementor-container elementor-column-gap-default\">\n\t\t\t\t\t\t\t<div class=\"elementor-row\">\n\t\t\t\t\t<div class=\"elementor-column elementor-col-100 elementor-top-column elementor-element elementor-element-a271427\" data-id=\"a271427\" data-element_type=\"column\">\n\t\t\t<div class=\"elementor-column-wrap elementor-element-populated\">\n\t\t\t\t\t\t\t<div class=\"elementor-widget-wrap\">\n\t\t\t\t\t\t<div class=\"elementor-element elementor-element-7dcc56c elementor-align-center elementor-widget elementor-widget-button\" data-id=\"7dcc56c\" data-element_type=\"widget\" data-widget_type=\"button.default\">\n\t\t\t\t<div class=\"elementor-widget-container\">\n\t\t\t\t\t<div class=\"elementor-button-wrapper\">\n\t\t\t<a href=\"https:\/\/www.wkmathias.de\/fotodesign\/tabletop\/\" class=\"elementor-button-link elementor-button elementor-size-sm\" role=\"button\">\n\t\t\t\t\t\t<span class=\"elementor-button-content-wrapper\">\n\t\t\t\t\t\t<span class=\"elementor-button-text\">Zur\u00fcck<\/span>\n\t\t<\/span>\n\t\t\t\t\t<\/a>\n\t\t<\/div>\n\t\t\t\t<\/div>\n\t\t\t\t<\/div>\n\t\t\t\t\t\t<\/div>\n\t\t\t\t\t<\/div>\n\t\t<\/div>\n\t\t\t\t\t\t\t\t<\/div>\n\t\t\t\t\t<\/div>\n\t\t<\/section>\n\t\t\t\t\t\t<\/div>\n\t\t\t\t\t\t<\/div>\n\t\t\t\t\t<\/div>\n\t\t ","protected":false},"excerpt":{"rendered":"<p>S\u00fc\u00dfigkeiten Zur\u00fcck<\/p>\n","protected":false},"author":1,"featured_media":0,"parent":0,"menu_order":0,"comment_status":"closed","ping_status":"closed","template":"","meta":[],"_links":{"self":[{"href":"https:\/\/www.wkmathias.de\/fotodesign\/wp-json\/wp\/v2\/pages\/3505"}],"collection":[{"href":"https:\/\/www.wkmathias.de\/fotodesign\/wp-json\/wp\/v2\/pages"}],"about":[{"href":"https:\/\/www.wkmathias.de\/fotodesign\/wp-json\/wp\/v2\/types\/page"}],"author":[{"embeddable":true,"href":"https:\/\/www.wkmathias.de\/fotodesign\/wp-json\/wp\/v2\/users\/1"}],"replies":[{"embeddable":true,"href":"https:\/\/www.wkmathias.de\/fotodesign\/wp-json\/wp\/v2\/comments?post=3505"}],"version-history":[{"count":10,"href":"https:\/\/www.wkmathias.de\/fotodesign\/wp-json\/wp\/v2\/pages\/3505\/revisions"}],"predecessor-version":[{"id":3515,"href":"https:\/\/www.wkmathias.de\/fotodesign\/wp-json\/wp\/v2\/pages\/3505\/revisions\/3515"}],"wp:attachment":[{"href":"https:\/\/www.wkmathias.de\/fotodesign\/wp-json\/wp\/v2\/media?parent=3505"}],"curies":[{"name":"wp","href":"https:\/\/api.w.org\/{rel}","templated":true}]}}