{"id":9125,"date":"2025-07-28T08:24:01","date_gmt":"2025-07-28T08:24:01","guid":{"rendered":"http:\/\/www.wkmathias.de\/fotodesign\/?page_id=9125"},"modified":"2025-09-22T14:21:52","modified_gmt":"2025-09-22T14:21:52","slug":"mein-weg-zur-astrofotografie","status":"publish","type":"page","link":"https:\/\/www.wkmathias.de\/fotodesign\/mein-weg-zur-astrofotografie\/","title":{"rendered":"Mein Weg zur Astrofotografie"},"content":{"rendered":"\t\t<div data-elementor-type=\"wp-page\" data-elementor-id=\"9125\" class=\"elementor elementor-9125\" data-elementor-settings=\"[]\">\n\t\t\t\t\t\t<div class=\"elementor-inner\">\n\t\t\t\t\t\t\t<div class=\"elementor-section-wrap\">\n\t\t\t\t\t\t\t<section class=\"elementor-section elementor-top-section elementor-element elementor-element-770fca7 elementor-section-boxed elementor-section-height-default elementor-section-height-default\" data-id=\"770fca7\" data-element_type=\"section\">\n\t\t\t\t\t\t<div class=\"elementor-container elementor-column-gap-default\">\n\t\t\t\t\t\t\t<div class=\"elementor-row\">\n\t\t\t\t\t<div class=\"elementor-column elementor-col-100 elementor-top-column elementor-element elementor-element-97f9f4c\" data-id=\"97f9f4c\" data-element_type=\"column\">\n\t\t\t<div class=\"elementor-column-wrap elementor-element-populated\">\n\t\t\t\t\t\t\t<div class=\"elementor-widget-wrap\">\n\t\t\t\t\t\t<div class=\"elementor-element elementor-element-64e3fbf elementor-widget elementor-widget-spacer\" data-id=\"64e3fbf\" data-element_type=\"widget\" data-widget_type=\"spacer.default\">\n\t\t\t\t<div class=\"elementor-widget-container\">\n\t\t\t\t\t<div class=\"elementor-spacer\">\n\t\t\t<div class=\"elementor-spacer-inner\"><\/div>\n\t\t<\/div>\n\t\t\t\t<\/div>\n\t\t\t\t<\/div>\n\t\t\t\t\t\t<\/div>\n\t\t\t\t\t<\/div>\n\t\t<\/div>\n\t\t\t\t\t\t\t\t<\/div>\n\t\t\t\t\t<\/div>\n\t\t<\/section>\n\t\t\t\t<section class=\"elementor-section elementor-top-section elementor-element elementor-element-2e1761e elementor-section-boxed elementor-section-height-default elementor-section-height-default\" data-id=\"2e1761e\" data-element_type=\"section\">\n\t\t\t\t\t\t<div class=\"elementor-container elementor-column-gap-default\">\n\t\t\t\t\t\t\t<div class=\"elementor-row\">\n\t\t\t\t\t<div class=\"elementor-column elementor-col-100 elementor-top-column elementor-element elementor-element-c39292a\" data-id=\"c39292a\" data-element_type=\"column\">\n\t\t\t<div class=\"elementor-column-wrap elementor-element-populated\">\n\t\t\t\t\t\t\t<div class=\"elementor-widget-wrap\">\n\t\t\t\t\t\t<div class=\"elementor-element elementor-element-a6c412a elementor-widget elementor-widget-heading\" data-id=\"a6c412a\" data-element_type=\"widget\" data-widget_type=\"heading.default\">\n\t\t\t\t<div class=\"elementor-widget-container\">\n\t\t\t<h2 class=\"elementor-heading-title elementor-size-default\"><h2>Willkommen in der Welt der Astro-Fotografie<\/h2><\/h2>\t\t<\/div>\n\t\t\t\t<\/div>\n\t\t\t\t\t\t<\/div>\n\t\t\t\t\t<\/div>\n\t\t<\/div>\n\t\t\t\t\t\t\t\t<\/div>\n\t\t\t\t\t<\/div>\n\t\t<\/section>\n\t\t\t\t<section class=\"elementor-section elementor-top-section elementor-element elementor-element-40f892b elementor-section-boxed elementor-section-height-default elementor-section-height-default\" data-id=\"40f892b\" data-element_type=\"section\">\n\t\t\t\t\t\t<div class=\"elementor-container elementor-column-gap-default\">\n\t\t\t\t\t\t\t<div class=\"elementor-row\">\n\t\t\t\t\t<div class=\"elementor-column elementor-col-100 elementor-top-column elementor-element elementor-element-42f4a20\" data-id=\"42f4a20\" data-element_type=\"column\">\n\t\t\t<div class=\"elementor-column-wrap elementor-element-populated\">\n\t\t\t\t\t\t\t<div class=\"elementor-widget-wrap\">\n\t\t\t\t\t\t<div class=\"elementor-element elementor-element-9fa8be1 elementor-widget elementor-widget-text-editor\" data-id=\"9fa8be1\" data-element_type=\"widget\" data-widget_type=\"text-editor.default\">\n\t\t\t\t<div class=\"elementor-widget-container\">\n\t\t\t\t\t<div class=\"elementor-text-editor elementor-clearfix\"><p>Die Astronomie fasziniert mich seit meiner Kindheit. Angefangen hat es mit Blicken Richtung Nachthimmel, \u00fcber Beobachtungen mit dem Feldstecher meiner Eltern, vertieft durch Besuche im Planetrarium in Mannheim, diversen Museumsbesuchen im ganzen Land und unz\u00e4hligen Dokumentationen im Fernsehen bis heute.\u00a0<\/p><\/div>\n\t\t\t\t<\/div>\n\t\t\t\t<\/div>\n\t\t\t\t\t\t<\/div>\n\t\t\t\t\t<\/div>\n\t\t<\/div>\n\t\t\t\t\t\t\t\t<\/div>\n\t\t\t\t\t<\/div>\n\t\t<\/section>\n\t\t\t\t<section class=\"elementor-section elementor-top-section elementor-element elementor-element-53a7a68 elementor-section-boxed elementor-section-height-default elementor-section-height-default\" data-id=\"53a7a68\" data-element_type=\"section\">\n\t\t\t\t\t\t<div class=\"elementor-container elementor-column-gap-default\">\n\t\t\t\t\t\t\t<div class=\"elementor-row\">\n\t\t\t\t\t<div class=\"elementor-column elementor-col-100 elementor-top-column elementor-element elementor-element-e31d2cc\" data-id=\"e31d2cc\" data-element_type=\"column\">\n\t\t\t<div class=\"elementor-column-wrap elementor-element-populated\">\n\t\t\t\t\t\t\t<div class=\"elementor-widget-wrap\">\n\t\t\t\t\t\t<div class=\"elementor-element elementor-element-d08a019 elementor-arrows-position-inside elementor-pagination-position-outside elementor-widget elementor-widget-image-carousel\" data-id=\"d08a019\" data-element_type=\"widget\" data-settings=\"{&quot;navigation&quot;:&quot;both&quot;,&quot;autoplay&quot;:&quot;yes&quot;,&quot;pause_on_hover&quot;:&quot;yes&quot;,&quot;pause_on_interaction&quot;:&quot;yes&quot;,&quot;autoplay_speed&quot;:5000,&quot;infinite&quot;:&quot;yes&quot;,&quot;speed&quot;:500}\" data-widget_type=\"image-carousel.default\">\n\t\t\t\t<div class=\"elementor-widget-container\">\n\t\t\t\t\t<div class=\"elementor-image-carousel-wrapper swiper-container\" dir=\"ltr\">\n\t\t\t<div class=\"elementor-image-carousel swiper-wrapper\">\n\t\t\t\t<div class=\"swiper-slide\"><figure class=\"swiper-slide-inner\"><img class=\"swiper-slide-image\" src=\"https:\/\/www.wkmathias.de\/fotodesign\/wp-content\/uploads\/2024\/10\/Airplane-in-front-of-the-sun-300x197.jpg\" alt=\"Airplane in front of the sun\" \/><\/figure><\/div><div class=\"swiper-slide\"><figure class=\"swiper-slide-inner\"><img class=\"swiper-slide-image\" src=\"https:\/\/www.wkmathias.de\/fotodesign\/wp-content\/uploads\/2024\/10\/there-he-was-again-300x189.jpg\" alt=\"there he was again, 20.09.24\" \/><\/figure><\/div><div class=\"swiper-slide\"><figure class=\"swiper-slide-inner\"><img class=\"swiper-slide-image\" src=\"https:\/\/www.wkmathias.de\/fotodesign\/wp-content\/uploads\/2025\/04\/blue-sky-with-moon-and-plane_klein_-300x225.jpg\" alt=\"blue sky with moon and plane, 09.03.25\" \/><\/figure><\/div><div class=\"swiper-slide\"><figure class=\"swiper-slide-inner\"><img class=\"swiper-slide-image\" src=\"https:\/\/www.wkmathias.de\/fotodesign\/wp-content\/uploads\/2024\/09\/Mond-300x225.jpg\" alt=\"Mond, 30.07.24\" \/><\/figure><\/div><div class=\"swiper-slide\"><figure class=\"swiper-slide-inner\"><img class=\"swiper-slide-image\" src=\"https:\/\/www.wkmathias.de\/fotodesign\/wp-content\/uploads\/2024\/10\/Sichtbare-Sonnenflecken-am-17-10-24_17-00-Uhr.jpg-300x225.jpg\" alt=\"Sichtbare und zuordenbare Sonnenflecken\" \/><\/figure><\/div><div class=\"swiper-slide\"><figure class=\"swiper-slide-inner\"><img class=\"swiper-slide-image\" src=\"https:\/\/www.wkmathias.de\/fotodesign\/wp-content\/uploads\/2025\/04\/moon-and-something-more-300x225.jpg\" alt=\"moon and something more, 03.01.25\" \/><\/figure><\/div><div class=\"swiper-slide\"><figure class=\"swiper-slide-inner\"><img class=\"swiper-slide-image\" src=\"https:\/\/www.wkmathias.de\/fotodesign\/wp-content\/uploads\/2025\/07\/brown_and_dark-300x225.jpg\" alt=\"brown and dard, 26.12.24\" \/><\/figure><\/div>\t\t\t<\/div>\n\t\t\t\t\t\t\t\t\t\t\t\t<div class=\"swiper-pagination\"><\/div>\n\t\t\t\t\t\t\t\t\t\t\t\t\t<div class=\"elementor-swiper-button elementor-swiper-button-prev\">\n\t\t\t\t\t\t<i class=\"eicon-chevron-left\" aria-hidden=\"true\"><\/i>\n\t\t\t\t\t\t<span class=\"elementor-screen-only\">Zur\u00fcck<\/span>\n\t\t\t\t\t<\/div>\n\t\t\t\t\t<div class=\"elementor-swiper-button elementor-swiper-button-next\">\n\t\t\t\t\t\t<i class=\"eicon-chevron-right\" aria-hidden=\"true\"><\/i>\n\t\t\t\t\t\t<span class=\"elementor-screen-only\">Weiter<\/span>\n\t\t\t\t\t<\/div>\n\t\t\t\t\t\t\t\t\t<\/div>\n\t\t\t\t<\/div>\n\t\t\t\t<\/div>\n\t\t\t\t\t\t<\/div>\n\t\t\t\t\t<\/div>\n\t\t<\/div>\n\t\t\t\t\t\t\t\t<\/div>\n\t\t\t\t\t<\/div>\n\t\t<\/section>\n\t\t\t\t<section class=\"elementor-section elementor-top-section elementor-element elementor-element-688928a elementor-section-boxed elementor-section-height-default elementor-section-height-default\" data-id=\"688928a\" data-element_type=\"section\">\n\t\t\t\t\t\t<div class=\"elementor-container elementor-column-gap-default\">\n\t\t\t\t\t\t\t<div class=\"elementor-row\">\n\t\t\t\t\t<div class=\"elementor-column elementor-col-100 elementor-top-column elementor-element elementor-element-4f3d729\" data-id=\"4f3d729\" data-element_type=\"column\">\n\t\t\t<div class=\"elementor-column-wrap elementor-element-populated\">\n\t\t\t\t\t\t\t<div class=\"elementor-widget-wrap\">\n\t\t\t\t\t\t<div class=\"elementor-element elementor-element-8f24d86 elementor-widget elementor-widget-text-editor\" data-id=\"8f24d86\" data-element_type=\"widget\" data-widget_type=\"text-editor.default\">\n\t\t\t\t<div class=\"elementor-widget-container\">\n\t\t\t\t\t<div class=\"elementor-text-editor elementor-clearfix\"><section data-id=\"969e5f5\" data-element_type=\"section\"><div><div><div data-id=\"98bd4ed\" data-element_type=\"column\"><div><div><div data-id=\"774f95d\" data-element_type=\"widget\" data-widget_type=\"text-editor.default\"><div><div><p>Als Jugendlicher kaufte ich mir einmal einen 70\/700mm Refraktor, doch daran hatte ich leider keine Freude. Gr\u00fcnde waren seine miserable Qualit\u00e4t und Ungenauigkeit. Ebenso die lichtschwache Optik und er war komplett aus Plastik gefertigt. Schade, dieses besagte Teleskop landete daher schnell auf dem M\u00fcll.<\/p><p>Da ich als Fotograf wie auch im Leben sonst immer neue Herausforderungen brauche, ist es naheliegend, dass ich mich fr\u00fcher oder sp\u00e4ter mit der Astro-Fotografie besch\u00e4ftigen muss. Die Fotografie ist mir vetraut, somit war der Grundstein schon gelegt.\u00a0<\/p><p>In den vergangenen 2 Jahren wurde ich in Sachen Astro aktiv und besch\u00e4ftigte mich verst\u00e4rkt mit dem Thema. Die Thematik ist allerdings recht komplex, um es einfach auszudr\u00fccken.\u00a0<br \/>Es gibt sehr viel zu beachten und viele Wege, um ans Ziel zu kommen. Es m\u00fcssen einige grundlegende Entscheidungen und Abw\u00e4gung getroffen werden, die dann wieder andere Folgen als auch Begrenzungen mit sich bringen. Wie \u00fcblich hat auch hier alles seine Vor- und Nachteile und man kann nicht alles haben.\u00a0<\/p><p>So kam es, dass ich mich dazu entschloss, mit meinem zun\u00e4chst vorhandenem Equipment erstmal weiter zu lernen, auszureizen was m\u00f6glich ist, und parallel viel zu lernen.<\/p><p>Gerade als Anf\u00e4nger stellen sich hier Herausforderungen wie\u2026\u00a0<\/p><\/div><\/div><\/div><\/div><\/div><\/div><\/div><\/div><\/section><\/div>\n\t\t\t\t<\/div>\n\t\t\t\t<\/div>\n\t\t\t\t\t\t<\/div>\n\t\t\t\t\t<\/div>\n\t\t<\/div>\n\t\t\t\t\t\t\t\t<\/div>\n\t\t\t\t\t<\/div>\n\t\t<\/section>\n\t\t\t\t<section class=\"elementor-section elementor-top-section elementor-element elementor-element-a5b2311 elementor-section-boxed elementor-section-height-default elementor-section-height-default\" data-id=\"a5b2311\" data-element_type=\"section\">\n\t\t\t\t\t\t<div class=\"elementor-container elementor-column-gap-default\">\n\t\t\t\t\t\t\t<div class=\"elementor-row\">\n\t\t\t\t\t<div class=\"elementor-column elementor-col-100 elementor-top-column elementor-element elementor-element-ed2784a\" data-id=\"ed2784a\" data-element_type=\"column\">\n\t\t\t<div class=\"elementor-column-wrap elementor-element-populated\">\n\t\t\t\t\t\t\t<div class=\"elementor-widget-wrap\">\n\t\t\t\t\t\t<div class=\"elementor-element elementor-element-9bc7052 elementor-widget elementor-widget-text-editor\" data-id=\"9bc7052\" data-element_type=\"widget\" data-widget_type=\"text-editor.default\">\n\t\t\t\t<div class=\"elementor-widget-container\">\n\t\t\t\t\t<div class=\"elementor-text-editor elementor-clearfix\"><ul><li>herauszufinden, was man m\u00f6chte und sich finanziell leisten kann\/will (open end)<\/li><li>die richtige Aufstellung des Astrostatives<\/li><li>das Einnorden der Montierung<\/li><li>ein Zurechtfinden am Nachthimmel (plate solving)<\/li><li>planen, wann was sichtbar ist, sofern das Wetter mitspielt<\/li><li>die richtige Wahl unter den vielen Arten von Teleskoptypen bez\u00fcglich Bauart zu treffen, in dieser Bauart die passende Wahl des Modells, dabei die 2\/3-Regel zu beachten<\/li><li>zum ausgew\u00e4hlten Teleskop die passende Astrokamera ausfindig zu machen<\/li><li>wissen, welche Auswirkungen Pixelgr\u00f6\u00dfen, Sensorgr\u00f6\u00dfen und ggf. notwendige Distanzen haben\u00a0<\/li><li>die Steuerung der Astrokamera und der Nachf\u00fchrung (GoTo)<\/li><li>die Erstellung von Bias-, Darks-, Flats- und Darkflats<\/li><li>Welche Programme und Tools f\u00fcr was zu verwenden sind (oft 3er Kombinationen, abgesehen von N.I.N.A.)<\/li><li>die Bildbearbeitung, welche im Bereich Astro komplett anders erfolgt als bei herk\u00f6mmlichen Fotos<\/li><li>das Thema Guiding (sog. Auto-Guiding)\u00a0<\/li><\/ul><\/div>\n\t\t\t\t<\/div>\n\t\t\t\t<\/div>\n\t\t\t\t\t\t<\/div>\n\t\t\t\t\t<\/div>\n\t\t<\/div>\n\t\t\t\t\t\t\t\t<\/div>\n\t\t\t\t\t<\/div>\n\t\t<\/section>\n\t\t\t\t<section class=\"elementor-section elementor-top-section elementor-element elementor-element-2285989 elementor-section-boxed elementor-section-height-default elementor-section-height-default\" data-id=\"2285989\" data-element_type=\"section\">\n\t\t\t\t\t\t<div class=\"elementor-container elementor-column-gap-default\">\n\t\t\t\t\t\t\t<div class=\"elementor-row\">\n\t\t\t\t\t<div class=\"elementor-column elementor-col-100 elementor-top-column elementor-element elementor-element-09986c8\" data-id=\"09986c8\" data-element_type=\"column\">\n\t\t\t<div class=\"elementor-column-wrap elementor-element-populated\">\n\t\t\t\t\t\t\t<div class=\"elementor-widget-wrap\">\n\t\t\t\t\t\t<div class=\"elementor-element elementor-element-4b5b701 elementor-widget elementor-widget-text-editor\" data-id=\"4b5b701\" data-element_type=\"widget\" data-widget_type=\"text-editor.default\">\n\t\t\t\t<div class=\"elementor-widget-container\">\n\t\t\t\t\t<div class=\"elementor-text-editor elementor-clearfix\"><p>\u2026und vieles mehr.\u00a0 \u00a0<br \/><br \/>Was ich will, hatte sich recht schnell klar herauskristallisiert. Die reine Beobachtung ist es nicht. Bei dem Aufwand m\u00fcssen f\u00fcr mich Bildergebnisse und ggf. Videos<br \/>am Ende zu den Ergebnissen z\u00e4hlen.\u00a0<\/p><p><b>Meine selbst gesetzten Schwerpunkte sind daher zun\u00e4chst folgende:\u00a0<\/b><\/p><section data-id=\"969e5f5\" data-element_type=\"section\"><div><div><div data-id=\"98bd4ed\" data-element_type=\"column\"><div><div><div data-id=\"774f95d\" data-element_type=\"widget\" data-widget_type=\"text-editor.default\"><div><div><ol><li>Der Mond und die Planeten (&#8220;Videografie&#8221;)<\/li><li>Sterne, Sternbilder und Ereignisse<\/li><li>Deep-Sky Objekte (Nebel, Galaxien)\u00a0<\/li><li>Erst dann, mit mehr Erfahrung, plane ich mobil on location oder im Urlaub Kombinationen von Himmelsobjekten\u00a0<br \/>mit Landchaften bildlich und per Video festzuhalten.<\/li><\/ol><div><section data-id=\"969e5f5\" data-element_type=\"section\"><div><div><div data-id=\"98bd4ed\" data-element_type=\"column\"><div><div><div data-id=\"774f95d\" data-element_type=\"widget\" data-widget_type=\"text-editor.default\"><div><div><p>Eine Auswahl der ersten Ergebnisse meiner &#8220;Balkonsternwarte&#8221; sind hier bereits ausgestellt. Weitere folgen nach und nach, sofern die n\u00f6tige Zeit und klare N\u00e4chte ohne Wolken vorhanden sind. Leider eine Seltenheit in Deutschland.<\/p><p>Viel Spa\u00df in den entsprechenden Unterkategorien im Men\u00fc.<\/p><\/div><\/div><\/div><\/div><\/div><\/div><\/div><\/div><\/section><\/div><\/div><\/div><\/div><\/div><\/div><\/div><\/div><\/div><\/section><\/div>\n\t\t\t\t<\/div>\n\t\t\t\t<\/div>\n\t\t\t\t\t\t<\/div>\n\t\t\t\t\t<\/div>\n\t\t<\/div>\n\t\t\t\t\t\t\t\t<\/div>\n\t\t\t\t\t<\/div>\n\t\t<\/section>\n\t\t\t\t<section class=\"elementor-section elementor-top-section elementor-element elementor-element-d5baecd elementor-section-boxed elementor-section-height-default elementor-section-height-default\" data-id=\"d5baecd\" data-element_type=\"section\">\n\t\t\t\t\t\t<div class=\"elementor-container elementor-column-gap-default\">\n\t\t\t\t\t\t\t<div class=\"elementor-row\">\n\t\t\t\t\t<div class=\"elementor-column elementor-col-100 elementor-top-column elementor-element elementor-element-2d5c9bb\" data-id=\"2d5c9bb\" data-element_type=\"column\">\n\t\t\t<div class=\"elementor-column-wrap elementor-element-populated\">\n\t\t\t\t\t\t\t<div class=\"elementor-widget-wrap\">\n\t\t\t\t\t\t<div class=\"elementor-element elementor-element-85fa927 elementor-widget elementor-widget-spacer\" data-id=\"85fa927\" data-element_type=\"widget\" data-widget_type=\"spacer.default\">\n\t\t\t\t<div class=\"elementor-widget-container\">\n\t\t\t\t\t<div class=\"elementor-spacer\">\n\t\t\t<div class=\"elementor-spacer-inner\"><\/div>\n\t\t<\/div>\n\t\t\t\t<\/div>\n\t\t\t\t<\/div>\n\t\t\t\t\t\t<\/div>\n\t\t\t\t\t<\/div>\n\t\t<\/div>\n\t\t\t\t\t\t\t\t<\/div>\n\t\t\t\t\t<\/div>\n\t\t<\/section>\n\t\t\t\t\t\t<\/div>\n\t\t\t\t\t\t<\/div>\n\t\t\t\t\t<\/div>\n\t\t ","protected":false},"excerpt":{"rendered":"<p>Willkommen in der Welt der Astro-Fotografie Die Astronomie fasziniert mich seit meiner Kindheit. Angefangen hat es mit Blicken Richtung Nachthimmel, \u00fcber Beobachtungen mit dem Feldstecher meiner Eltern, vertieft durch Besuche im Planetrarium in Mannheim, diversen Museumsbesuchen im ganzen Land und unz\u00e4hligen Dokumentationen im Fernsehen bis heute.\u00a0 Zur\u00fcck Weiter Als Jugendlicher kaufte ich mir einmal einen [&hellip;]<\/p>\n","protected":false},"author":1,"featured_media":0,"parent":0,"menu_order":0,"comment_status":"closed","ping_status":"closed","template":"","meta":[],"_links":{"self":[{"href":"https:\/\/www.wkmathias.de\/fotodesign\/wp-json\/wp\/v2\/pages\/9125"}],"collection":[{"href":"https:\/\/www.wkmathias.de\/fotodesign\/wp-json\/wp\/v2\/pages"}],"about":[{"href":"https:\/\/www.wkmathias.de\/fotodesign\/wp-json\/wp\/v2\/types\/page"}],"author":[{"embeddable":true,"href":"https:\/\/www.wkmathias.de\/fotodesign\/wp-json\/wp\/v2\/users\/1"}],"replies":[{"embeddable":true,"href":"https:\/\/www.wkmathias.de\/fotodesign\/wp-json\/wp\/v2\/comments?post=9125"}],"version-history":[{"count":73,"href":"https:\/\/www.wkmathias.de\/fotodesign\/wp-json\/wp\/v2\/pages\/9125\/revisions"}],"predecessor-version":[{"id":9511,"href":"https:\/\/www.wkmathias.de\/fotodesign\/wp-json\/wp\/v2\/pages\/9125\/revisions\/9511"}],"wp:attachment":[{"href":"https:\/\/www.wkmathias.de\/fotodesign\/wp-json\/wp\/v2\/media?parent=9125"}],"curies":[{"name":"wp","href":"https:\/\/api.w.org\/{rel}","templated":true}]}}